{"id":1962,"date":"2024-10-23T11:29:40","date_gmt":"2024-10-23T09:29:40","guid":{"rendered":"https:\/\/agoracisnadioara.ro\/?page_id=1962"},"modified":"2025-11-02T17:14:38","modified_gmt":"2025-11-02T15:14:38","slug":"bufetul-agora-grau","status":"publish","type":"page","link":"https:\/\/agoracisnadioara.ro\/de\/turism-in-cisnadioara\/bufetul-agora-grau\/","title":{"rendered":"Das Buffet Agora Weizen"},"content":{"rendered":"<div data-elementor-type=\"wp-page\" data-elementor-id=\"1962\" class=\"elementor elementor-1962\" data-elementor-post-type=\"page\">\n\t\t\t\t<div class=\"elementor-element elementor-element-632a7fa e-flex e-con-boxed e-con e-parent\" data-id=\"632a7fa\" data-element_type=\"container\" data-settings=\"{&quot;background_background&quot;:&quot;classic&quot;}\">\n\t\t\t\t\t<div class=\"e-con-inner\">\n\t\t<div class=\"elementor-element elementor-element-868c7c6 e-con-full e-flex e-con e-child\" data-id=\"868c7c6\" data-element_type=\"container\">\n\t\t\t\t<div class=\"elementor-element elementor-element-735da12 elementor-widget elementor-widget-heading\" data-id=\"735da12\" data-element_type=\"widget\" data-widget_type=\"heading.default\">\n\t\t\t\t<div class=\"elementor-widget-container\">\n\t\t\t\t\t<h1 class=\"elementor-heading-title elementor-size-default\">Das Buffet Agora Weizen<\/h1>\t\t\t\t<\/div>\n\t\t\t\t<\/div>\n\t\t\t\t<\/div>\n\t\t\t\t\t<\/div>\n\t\t\t\t<\/div>\n\t\t<div class=\"elementor-element elementor-element-a7cfe3b e-flex e-con-boxed e-con e-parent\" data-id=\"a7cfe3b\" data-element_type=\"container\" data-settings=\"{&quot;background_background&quot;:&quot;classic&quot;}\">\n\t\t\t\t\t<div class=\"e-con-inner\">\n\t\t<div class=\"elementor-element elementor-element-a2a580a e-con-full e-flex e-con e-child\" data-id=\"a2a580a\" data-element_type=\"container\">\n\t\t\t\t<div class=\"elementor-element elementor-element-2ce9d65 elementor-widget elementor-widget-heading\" data-id=\"2ce9d65\" data-element_type=\"widget\" data-widget_type=\"heading.default\">\n\t\t\t\t<div class=\"elementor-widget-container\">\n\t\t\t\t\t<h2 class=\"elementor-heading-title elementor-size-default\">\u201eEinfach und gut\u201c<\/h2>\t\t\t\t<\/div>\n\t\t\t\t<\/div>\n\t\t\t\t<div class=\"elementor-element elementor-element-9d503ff elementor-widget elementor-widget-text-editor\" data-id=\"9d503ff\" data-element_type=\"widget\" data-widget_type=\"text-editor.default\">\n\t\t\t\t<div class=\"elementor-widget-container\">\n\t\t\t\t\t\t\t\t\t<p>Eis, das direkt im Dorf hergestellt wird, Kaffeespezialit\u00e4ten, frisch zubereitete Limonade, Desserts. Am Wochenende gibt es frische Speisen.<\/p>\t\t\t\t\t\t\t\t<\/div>\n\t\t\t\t<\/div>\n\t\t\t\t<\/div>\n\t\t<div class=\"elementor-element elementor-element-8699d45 e-con-full e-flex e-con e-child\" data-id=\"8699d45\" data-element_type=\"container\">\n\t\t\t\t<div class=\"elementor-element elementor-element-11dda90 elementor-widget__width-initial elementor-widget elementor-widget-image\" data-id=\"11dda90\" data-element_type=\"widget\" data-widget_type=\"image.default\">\n\t\t\t\t<div class=\"elementor-widget-container\">\n\t\t\t\t\t\t\t\t\t\t\t\t\t\t\t<img fetchpriority=\"high\" decoding=\"async\" width=\"2560\" height=\"1707\" src=\"https:\/\/agoracisnadioara.ro\/wp-content\/uploads\/2025\/11\/IMG_1451-scaled.jpg\" class=\"attachment-full size-full wp-image-3115\" alt=\"\" srcset=\"https:\/\/agoracisnadioara.ro\/wp-content\/uploads\/2025\/11\/IMG_1451-scaled.jpg 2560w, https:\/\/agoracisnadioara.ro\/wp-content\/uploads\/2025\/11\/IMG_1451-300x200.jpg 300w, https:\/\/agoracisnadioara.ro\/wp-content\/uploads\/2025\/11\/IMG_1451-1024x683.jpg 1024w, https:\/\/agoracisnadioara.ro\/wp-content\/uploads\/2025\/11\/IMG_1451-768x512.jpg 768w, https:\/\/agoracisnadioara.ro\/wp-content\/uploads\/2025\/11\/IMG_1451-1536x1024.jpg 1536w, https:\/\/agoracisnadioara.ro\/wp-content\/uploads\/2025\/11\/IMG_1451-2048x1365.jpg 2048w\" sizes=\"(max-width: 2560px) 100vw, 2560px\" \/>\t\t\t\t\t\t\t\t\t\t\t\t\t\t\t<\/div>\n\t\t\t\t<\/div>\n\t\t\t\t<\/div>\n\t\t\t\t\t<\/div>\n\t\t\t\t<\/div>\n\t\t<div class=\"elementor-element elementor-element-5423484 e-flex e-con-boxed e-con e-parent\" data-id=\"5423484\" data-element_type=\"container\">\n\t\t\t\t\t<div class=\"e-con-inner\">\n\t\t<div class=\"elementor-element elementor-element-43561b7 e-con-full e-flex e-con e-child\" data-id=\"43561b7\" data-element_type=\"container\">\n\t\t\t\t<div class=\"elementor-element elementor-element-106ba65 elementor-widget elementor-widget-image\" data-id=\"106ba65\" data-element_type=\"widget\" data-widget_type=\"image.default\">\n\t\t\t\t<div class=\"elementor-widget-container\">\n\t\t\t\t\t\t\t\t\t\t\t\t\t\t\t<img decoding=\"async\" width=\"2560\" height=\"1707\" src=\"https:\/\/agoracisnadioara.ro\/wp-content\/uploads\/2025\/11\/IMG_1435-scaled.jpg\" class=\"attachment-full size-full wp-image-3113\" alt=\"\" srcset=\"https:\/\/agoracisnadioara.ro\/wp-content\/uploads\/2025\/11\/IMG_1435-scaled.jpg 2560w, https:\/\/agoracisnadioara.ro\/wp-content\/uploads\/2025\/11\/IMG_1435-300x200.jpg 300w, https:\/\/agoracisnadioara.ro\/wp-content\/uploads\/2025\/11\/IMG_1435-1024x683.jpg 1024w, https:\/\/agoracisnadioara.ro\/wp-content\/uploads\/2025\/11\/IMG_1435-768x512.jpg 768w, https:\/\/agoracisnadioara.ro\/wp-content\/uploads\/2025\/11\/IMG_1435-1536x1024.jpg 1536w, https:\/\/agoracisnadioara.ro\/wp-content\/uploads\/2025\/11\/IMG_1435-2048x1365.jpg 2048w\" sizes=\"(max-width: 2560px) 100vw, 2560px\" \/>\t\t\t\t\t\t\t\t\t\t\t\t\t\t\t<\/div>\n\t\t\t\t<\/div>\n\t\t\t\t<\/div>\n\t\t<div class=\"elementor-element elementor-element-17895dd e-con-full e-flex e-con e-child\" data-id=\"17895dd\" data-element_type=\"container\">\n\t\t\t\t<div class=\"elementor-element elementor-element-b34ddd8 elementor-widget elementor-widget-image\" data-id=\"b34ddd8\" data-element_type=\"widget\" data-widget_type=\"image.default\">\n\t\t\t\t<div class=\"elementor-widget-container\">\n\t\t\t\t\t\t\t\t\t\t\t\t\t\t\t<img decoding=\"async\" width=\"2560\" height=\"1707\" src=\"https:\/\/agoracisnadioara.ro\/wp-content\/uploads\/2025\/11\/IMG_1450-1-scaled.jpg\" class=\"attachment-full size-full wp-image-3114\" alt=\"\" srcset=\"https:\/\/agoracisnadioara.ro\/wp-content\/uploads\/2025\/11\/IMG_1450-1-scaled.jpg 2560w, https:\/\/agoracisnadioara.ro\/wp-content\/uploads\/2025\/11\/IMG_1450-1-300x200.jpg 300w, https:\/\/agoracisnadioara.ro\/wp-content\/uploads\/2025\/11\/IMG_1450-1-1024x683.jpg 1024w, https:\/\/agoracisnadioara.ro\/wp-content\/uploads\/2025\/11\/IMG_1450-1-768x512.jpg 768w, https:\/\/agoracisnadioara.ro\/wp-content\/uploads\/2025\/11\/IMG_1450-1-1536x1024.jpg 1536w, https:\/\/agoracisnadioara.ro\/wp-content\/uploads\/2025\/11\/IMG_1450-1-2048x1365.jpg 2048w\" sizes=\"(max-width: 2560px) 100vw, 2560px\" \/>\t\t\t\t\t\t\t\t\t\t\t\t\t\t\t<\/div>\n\t\t\t\t<\/div>\n\t\t\t\t<\/div>\n\t\t\t\t\t<\/div>\n\t\t\t\t<\/div>\n\t\t\t\t<\/div>","protected":false},"excerpt":{"rendered":"<p>Bufetul Agora Gr\u00e2u \u201eSimplu \u0219i bun\u201d \u00cenghe\u021bat\u0103 preg\u0103tit\u0103 chiar in sat, cafea de specialitate, limonad\u0103 preparat\u0103 pe loc, deserturi. \u00cen week-end, preparate culinare proaspete.<\/p>","protected":false},"author":1,"featured_media":1719,"parent":2410,"menu_order":0,"comment_status":"closed","ping_status":"closed","template":"","meta":{"_uag_custom_page_level_css":"","site-sidebar-layout":"no-sidebar","site-content-layout":"page-builder","ast-site-content-layout":"default","site-content-style":"default","site-sidebar-style":"default","ast-global-header-display":"","ast-banner-title-visibility":"","ast-main-header-display":"","ast-hfb-above-header-display":"","ast-hfb-below-header-display":"","ast-hfb-mobile-header-display":"","site-post-title":"disabled","ast-breadcrumbs-content":"","ast-featured-img":"","footer-sml-layout":"","theme-transparent-header-meta":"default","adv-header-id-meta":"","stick-header-meta":"","header-above-stick-meta":"","header-main-stick-meta":"","header-below-stick-meta":"","astra-migrate-meta-layouts":"default","ast-page-background-enabled":"default","ast-page-background-meta":{"desktop":{"background-color":"var(--ast-global-color-4)","background-image":"","background-repeat":"repeat","background-position":"center center","background-size":"auto","background-attachment":"scroll","background-type":"","background-media":"","overlay-type":"","overlay-color":"","overlay-opacity":"","overlay-gradient":""},"tablet":{"background-color":"","background-image":"","background-repeat":"repeat","background-position":"center center","background-size":"auto","background-attachment":"scroll","background-type":"","background-media":"","overlay-type":"","overlay-color":"","overlay-opacity":"","overlay-gradient":""},"mobile":{"background-color":"","background-image":"","background-repeat":"repeat","background-position":"center center","background-size":"auto","background-attachment":"scroll","background-type":"","background-media":"","overlay-type":"","overlay-color":"","overlay-opacity":"","overlay-gradient":""}},"ast-content-background-meta":{"desktop":{"background-color":"var(--ast-global-color-5)","background-image":"","background-repeat":"repeat","background-position":"center center","background-size":"auto","background-attachment":"scroll","background-type":"","background-media":"","overlay-type":"","overlay-color":"","overlay-opacity":"","overlay-gradient":""},"tablet":{"background-color":"var(--ast-global-color-5)","background-image":"","background-repeat":"repeat","background-position":"center center","background-size":"auto","background-attachment":"scroll","background-type":"","background-media":"","overlay-type":"","overlay-color":"","overlay-opacity":"","overlay-gradient":""},"mobile":{"background-color":"var(--ast-global-color-5)","background-image":"","background-repeat":"repeat","background-position":"center center","background-size":"auto","background-attachment":"scroll","background-type":"","background-media":"","overlay-type":"","overlay-color":"","overlay-opacity":"","overlay-gradient":""}},"footnotes":""},"class_list":["post-1962","page","type-page","status-publish","has-post-thumbnail","hentry"],"yoast_head":"<!-- This site is optimized with the Yoast SEO plugin v27.0 - https:\/\/yoast.com\/product\/yoast-seo-wordpress\/ -->\n<title>Bufetul Agora Gr\u00e2u - Ansamblul Agora Cisn\u0103dioara<\/title>\n<meta name=\"robots\" content=\"index, follow, max-snippet:-1, max-image-preview:large, max-video-preview:-1\" \/>\n<link rel=\"canonical\" href=\"https:\/\/agoracisnadioara.ro\/de\/turism-in-cisnadioara\/bufetul-agora-grau\/\" \/>\n<meta property=\"og:locale\" content=\"de_DE\" \/>\n<meta property=\"og:type\" content=\"article\" \/>\n<meta property=\"og:title\" content=\"Bufetul Agora Gr\u00e2u - Ansamblul Agora Cisn\u0103dioara\" \/>\n<meta property=\"og:description\" content=\"Bufetul Agora Gr\u00e2u \u201eSimplu \u0219i bun\u201d \u00cenghe\u021bat\u0103 preg\u0103tit\u0103 chiar in sat, cafea de specialitate, limonad\u0103 preparat\u0103 pe loc, deserturi. \u00cen week-end, preparate culinare proaspete.\" \/>\n<meta property=\"og:url\" content=\"https:\/\/agoracisnadioara.ro\/de\/turism-in-cisnadioara\/bufetul-agora-grau\/\" \/>\n<meta property=\"og:site_name\" content=\"Ansamblul Agora Cisn\u0103dioara\" \/>\n<meta property=\"article:publisher\" content=\"https:\/\/www.facebook.com\/AgoraCisnadioara\/\" \/>\n<meta property=\"article:modified_time\" content=\"2025-11-02T15:14:38+00:00\" \/>\n<meta property=\"og:image\" content=\"https:\/\/agoracisnadioara.ro\/wp-content\/uploads\/2024\/10\/mic-dejun-1.jpg\" \/>\n\t<meta property=\"og:image:width\" content=\"675\" \/>\n\t<meta property=\"og:image:height\" content=\"900\" \/>\n\t<meta property=\"og:image:type\" content=\"image\/jpeg\" \/>\n<meta name=\"twitter:card\" content=\"summary_large_image\" \/>\n<meta name=\"twitter:label1\" content=\"Gesch\u00e4tzte Lesezeit\" \/>\n\t<meta name=\"twitter:data1\" content=\"2\u00a0Minuten\" \/>\n<script type=\"application\/ld+json\" class=\"yoast-schema-graph\">{\"@context\":\"https:\/\/schema.org\",\"@graph\":[{\"@type\":\"WebPage\",\"@id\":\"https:\/\/agoracisnadioara.ro\/turism-in-cisnadioara\/bufetul-agora-grau\/\",\"url\":\"https:\/\/agoracisnadioara.ro\/turism-in-cisnadioara\/bufetul-agora-grau\/\",\"name\":\"Bufetul Agora Gr\u00e2u - Ansamblul Agora Cisn\u0103dioara\",\"isPartOf\":{\"@id\":\"https:\/\/agoracisnadioara.ro\/#website\"},\"primaryImageOfPage\":{\"@id\":\"https:\/\/agoracisnadioara.ro\/turism-in-cisnadioara\/bufetul-agora-grau\/#primaryimage\"},\"image\":{\"@id\":\"https:\/\/agoracisnadioara.ro\/turism-in-cisnadioara\/bufetul-agora-grau\/#primaryimage\"},\"thumbnailUrl\":\"https:\/\/agoracisnadioara.ro\/wp-content\/uploads\/2024\/10\/mic-dejun-1.jpg\",\"datePublished\":\"2024-10-23T09:29:40+00:00\",\"dateModified\":\"2025-11-02T15:14:38+00:00\",\"breadcrumb\":{\"@id\":\"https:\/\/agoracisnadioara.ro\/turism-in-cisnadioara\/bufetul-agora-grau\/#breadcrumb\"},\"inLanguage\":\"de\",\"potentialAction\":[{\"@type\":\"ReadAction\",\"target\":[\"https:\/\/agoracisnadioara.ro\/turism-in-cisnadioara\/bufetul-agora-grau\/\"]}]},{\"@type\":\"ImageObject\",\"inLanguage\":\"de\",\"@id\":\"https:\/\/agoracisnadioara.ro\/turism-in-cisnadioara\/bufetul-agora-grau\/#primaryimage\",\"url\":\"https:\/\/agoracisnadioara.ro\/wp-content\/uploads\/2024\/10\/mic-dejun-1.jpg\",\"contentUrl\":\"https:\/\/agoracisnadioara.ro\/wp-content\/uploads\/2024\/10\/mic-dejun-1.jpg\",\"width\":675,\"height\":900},{\"@type\":\"BreadcrumbList\",\"@id\":\"https:\/\/agoracisnadioara.ro\/turism-in-cisnadioara\/bufetul-agora-grau\/#breadcrumb\",\"itemListElement\":[{\"@type\":\"ListItem\",\"position\":1,\"name\":\"Prima pagin\u0103\",\"item\":\"https:\/\/agoracisnadioara.ro\/\"},{\"@type\":\"ListItem\",\"position\":2,\"name\":\"Turism\",\"item\":\"https:\/\/agoracisnadioara.ro\/turism-in-cisnadioara\/\"},{\"@type\":\"ListItem\",\"position\":3,\"name\":\"Bufetul Agora Gr\u00e2u\"}]},{\"@type\":\"WebSite\",\"@id\":\"https:\/\/agoracisnadioara.ro\/#website\",\"url\":\"https:\/\/agoracisnadioara.ro\/\",\"name\":\"Ansamblul Agora Cisn\u0103dioara\",\"description\":\"Oriunde mergi, g\u0103se\u0219ti BINELE!\",\"publisher\":{\"@id\":\"https:\/\/agoracisnadioara.ro\/#organization\"},\"potentialAction\":[{\"@type\":\"SearchAction\",\"target\":{\"@type\":\"EntryPoint\",\"urlTemplate\":\"https:\/\/agoracisnadioara.ro\/?s={search_term_string}\"},\"query-input\":{\"@type\":\"PropertyValueSpecification\",\"valueRequired\":true,\"valueName\":\"search_term_string\"}}],\"inLanguage\":\"de\"},{\"@type\":\"Organization\",\"@id\":\"https:\/\/agoracisnadioara.ro\/#organization\",\"name\":\"Ansamblul Agora Cisn\u0103dioara\",\"url\":\"https:\/\/agoracisnadioara.ro\/\",\"logo\":{\"@type\":\"ImageObject\",\"inLanguage\":\"de\",\"@id\":\"https:\/\/agoracisnadioara.ro\/#\/schema\/logo\/image\/\",\"url\":\"https:\/\/agoracisnadioara.ro\/wp-content\/uploads\/2023\/11\/color-extra.png\",\"contentUrl\":\"https:\/\/agoracisnadioara.ro\/wp-content\/uploads\/2023\/11\/color-extra.png\",\"width\":135,\"height\":171,\"caption\":\"Ansamblul Agora Cisn\u0103dioara\"},\"image\":{\"@id\":\"https:\/\/agoracisnadioara.ro\/#\/schema\/logo\/image\/\"},\"sameAs\":[\"https:\/\/www.facebook.com\/AgoraCisnadioara\/\"]}]}<\/script>\n<!-- \/ Yoast SEO plugin. -->","yoast_head_json":{"title":"Bufetul Agora Gr\u00e2u - Ansamblul Agora Cisn\u0103dioara","robots":{"index":"index","follow":"follow","max-snippet":"max-snippet:-1","max-image-preview":"max-image-preview:large","max-video-preview":"max-video-preview:-1"},"canonical":"https:\/\/agoracisnadioara.ro\/de\/turism-in-cisnadioara\/bufetul-agora-grau\/","og_locale":"de_DE","og_type":"article","og_title":"Bufetul Agora Gr\u00e2u - Ansamblul Agora Cisn\u0103dioara","og_description":"Bufetul Agora Gr\u00e2u \u201eSimplu \u0219i bun\u201d \u00cenghe\u021bat\u0103 preg\u0103tit\u0103 chiar in sat, cafea de specialitate, limonad\u0103 preparat\u0103 pe loc, deserturi. \u00cen week-end, preparate culinare proaspete.","og_url":"https:\/\/agoracisnadioara.ro\/de\/turism-in-cisnadioara\/bufetul-agora-grau\/","og_site_name":"Ansamblul Agora Cisn\u0103dioara","article_publisher":"https:\/\/www.facebook.com\/AgoraCisnadioara\/","article_modified_time":"2025-11-02T15:14:38+00:00","og_image":[{"width":675,"height":900,"url":"https:\/\/agoracisnadioara.ro\/wp-content\/uploads\/2024\/10\/mic-dejun-1.jpg","type":"image\/jpeg"}],"twitter_card":"summary_large_image","twitter_misc":{"Gesch\u00e4tzte Lesezeit":"2\u00a0Minuten"},"schema":{"@context":"https:\/\/schema.org","@graph":[{"@type":"WebPage","@id":"https:\/\/agoracisnadioara.ro\/turism-in-cisnadioara\/bufetul-agora-grau\/","url":"https:\/\/agoracisnadioara.ro\/turism-in-cisnadioara\/bufetul-agora-grau\/","name":"Bufetul Agora Gr\u00e2u - Ansamblul Agora Cisn\u0103dioara","isPartOf":{"@id":"https:\/\/agoracisnadioara.ro\/#website"},"primaryImageOfPage":{"@id":"https:\/\/agoracisnadioara.ro\/turism-in-cisnadioara\/bufetul-agora-grau\/#primaryimage"},"image":{"@id":"https:\/\/agoracisnadioara.ro\/turism-in-cisnadioara\/bufetul-agora-grau\/#primaryimage"},"thumbnailUrl":"https:\/\/agoracisnadioara.ro\/wp-content\/uploads\/2024\/10\/mic-dejun-1.jpg","datePublished":"2024-10-23T09:29:40+00:00","dateModified":"2025-11-02T15:14:38+00:00","breadcrumb":{"@id":"https:\/\/agoracisnadioara.ro\/turism-in-cisnadioara\/bufetul-agora-grau\/#breadcrumb"},"inLanguage":"de","potentialAction":[{"@type":"ReadAction","target":["https:\/\/agoracisnadioara.ro\/turism-in-cisnadioara\/bufetul-agora-grau\/"]}]},{"@type":"ImageObject","inLanguage":"de","@id":"https:\/\/agoracisnadioara.ro\/turism-in-cisnadioara\/bufetul-agora-grau\/#primaryimage","url":"https:\/\/agoracisnadioara.ro\/wp-content\/uploads\/2024\/10\/mic-dejun-1.jpg","contentUrl":"https:\/\/agoracisnadioara.ro\/wp-content\/uploads\/2024\/10\/mic-dejun-1.jpg","width":675,"height":900},{"@type":"BreadcrumbList","@id":"https:\/\/agoracisnadioara.ro\/turism-in-cisnadioara\/bufetul-agora-grau\/#breadcrumb","itemListElement":[{"@type":"ListItem","position":1,"name":"Prima pagin\u0103","item":"https:\/\/agoracisnadioara.ro\/"},{"@type":"ListItem","position":2,"name":"Turism","item":"https:\/\/agoracisnadioara.ro\/turism-in-cisnadioara\/"},{"@type":"ListItem","position":3,"name":"Bufetul Agora Gr\u00e2u"}]},{"@type":"WebSite","@id":"https:\/\/agoracisnadioara.ro\/#website","url":"https:\/\/agoracisnadioara.ro\/","name":"Ansamblul Agora Cisn\u0103dioara","description":"Oriunde mergi, g\u0103se\u0219ti BINELE!","publisher":{"@id":"https:\/\/agoracisnadioara.ro\/#organization"},"potentialAction":[{"@type":"SearchAction","target":{"@type":"EntryPoint","urlTemplate":"https:\/\/agoracisnadioara.ro\/?s={search_term_string}"},"query-input":{"@type":"PropertyValueSpecification","valueRequired":true,"valueName":"search_term_string"}}],"inLanguage":"de"},{"@type":"Organization","@id":"https:\/\/agoracisnadioara.ro\/#organization","name":"Ansamblul Agora Cisn\u0103dioara","url":"https:\/\/agoracisnadioara.ro\/","logo":{"@type":"ImageObject","inLanguage":"de","@id":"https:\/\/agoracisnadioara.ro\/#\/schema\/logo\/image\/","url":"https:\/\/agoracisnadioara.ro\/wp-content\/uploads\/2023\/11\/color-extra.png","contentUrl":"https:\/\/agoracisnadioara.ro\/wp-content\/uploads\/2023\/11\/color-extra.png","width":135,"height":171,"caption":"Ansamblul Agora Cisn\u0103dioara"},"image":{"@id":"https:\/\/agoracisnadioara.ro\/#\/schema\/logo\/image\/"},"sameAs":["https:\/\/www.facebook.com\/AgoraCisnadioara\/"]}]}},"uagb_featured_image_src":{"full":["https:\/\/agoracisnadioara.ro\/wp-content\/uploads\/2024\/10\/mic-dejun-1.jpg",675,900,false],"thumbnail":["https:\/\/agoracisnadioara.ro\/wp-content\/uploads\/2024\/10\/mic-dejun-1-150x150.jpg",150,150,true],"medium":["https:\/\/agoracisnadioara.ro\/wp-content\/uploads\/2024\/10\/mic-dejun-1-225x300.jpg",225,300,true],"medium_large":["https:\/\/agoracisnadioara.ro\/wp-content\/uploads\/2024\/10\/mic-dejun-1.jpg",675,900,false],"large":["https:\/\/agoracisnadioara.ro\/wp-content\/uploads\/2024\/10\/mic-dejun-1.jpg",675,900,false],"1536x1536":["https:\/\/agoracisnadioara.ro\/wp-content\/uploads\/2024\/10\/mic-dejun-1.jpg",675,900,false],"2048x2048":["https:\/\/agoracisnadioara.ro\/wp-content\/uploads\/2024\/10\/mic-dejun-1.jpg",675,900,false],"trp-custom-language-flag":["https:\/\/agoracisnadioara.ro\/wp-content\/uploads\/2024\/10\/mic-dejun-1.jpg",9,12,false]},"uagb_author_info":{"display_name":"Diana","author_link":"https:\/\/agoracisnadioara.ro\/de\/author\/diana\/"},"uagb_comment_info":0,"uagb_excerpt":"Bufetul Agora Gr\u00e2u \u201eSimplu \u0219i bun\u201d \u00cenghe\u021bat\u0103 preg\u0103tit\u0103 chiar in sat, cafea de specialitate, limonad\u0103 preparat\u0103 pe loc, deserturi. \u00cen week-end, preparate culinare proaspete.","_links":{"self":[{"href":"https:\/\/agoracisnadioara.ro\/de\/wp-json\/wp\/v2\/pages\/1962","targetHints":{"allow":["GET"]}}],"collection":[{"href":"https:\/\/agoracisnadioara.ro\/de\/wp-json\/wp\/v2\/pages"}],"about":[{"href":"https:\/\/agoracisnadioara.ro\/de\/wp-json\/wp\/v2\/types\/page"}],"author":[{"embeddable":true,"href":"https:\/\/agoracisnadioara.ro\/de\/wp-json\/wp\/v2\/users\/1"}],"replies":[{"embeddable":true,"href":"https:\/\/agoracisnadioara.ro\/de\/wp-json\/wp\/v2\/comments?post=1962"}],"version-history":[{"count":40,"href":"https:\/\/agoracisnadioara.ro\/de\/wp-json\/wp\/v2\/pages\/1962\/revisions"}],"predecessor-version":[{"id":3121,"href":"https:\/\/agoracisnadioara.ro\/de\/wp-json\/wp\/v2\/pages\/1962\/revisions\/3121"}],"up":[{"embeddable":true,"href":"https:\/\/agoracisnadioara.ro\/de\/wp-json\/wp\/v2\/pages\/2410"}],"wp:featuredmedia":[{"embeddable":true,"href":"https:\/\/agoracisnadioara.ro\/de\/wp-json\/wp\/v2\/media\/1719"}],"wp:attachment":[{"href":"https:\/\/agoracisnadioara.ro\/de\/wp-json\/wp\/v2\/media?parent=1962"}],"curies":[{"name":"wp","href":"https:\/\/api.w.org\/{rel}","templated":true}]}}