{"id":1969,"date":"2024-10-23T12:24:58","date_gmt":"2024-10-23T10:24:58","guid":{"rendered":"https:\/\/agoracisnadioara.ro\/?page_id=1969"},"modified":"2025-11-04T21:02:42","modified_gmt":"2025-11-04T19:02:42","slug":"micro-muzeu","status":"publish","type":"page","link":"https:\/\/agoracisnadioara.ro\/de\/cultural\/micro-muzeu\/","title":{"rendered":"Mikromuseum"},"content":{"rendered":"<div data-elementor-type=\"wp-page\" data-elementor-id=\"1969\" class=\"elementor elementor-1969\" data-elementor-post-type=\"page\">\n\t\t\t\t<div class=\"elementor-element elementor-element-632a7fa e-flex e-con-boxed e-con e-parent\" data-id=\"632a7fa\" data-element_type=\"container\" data-settings=\"{&quot;background_background&quot;:&quot;classic&quot;}\">\n\t\t\t\t\t<div class=\"e-con-inner\">\n\t\t<div class=\"elementor-element elementor-element-868c7c6 e-con-full e-flex e-con e-child\" data-id=\"868c7c6\" data-element_type=\"container\">\n\t\t\t\t<div class=\"elementor-element elementor-element-735da12 elementor-widget elementor-widget-heading\" data-id=\"735da12\" data-element_type=\"widget\" data-widget_type=\"heading.default\">\n\t\t\t\t<div class=\"elementor-widget-container\">\n\t\t\t\t\t<h1 class=\"elementor-heading-title elementor-size-default\">Mikromuseum<\/h1>\t\t\t\t<\/div>\n\t\t\t\t<\/div>\n\t\t\t\t<\/div>\n\t\t\t\t\t<\/div>\n\t\t\t\t<\/div>\n\t\t<div class=\"elementor-element elementor-element-a7cfe3b e-flex e-con-boxed e-con e-parent\" data-id=\"a7cfe3b\" data-element_type=\"container\" data-settings=\"{&quot;background_background&quot;:&quot;classic&quot;}\">\n\t\t\t\t\t<div class=\"e-con-inner\">\n\t\t<div class=\"elementor-element elementor-element-a2a580a e-con-full e-flex e-con e-child\" data-id=\"a2a580a\" data-element_type=\"container\">\n\t\t\t\t<div class=\"elementor-element elementor-element-9d503ff elementor-widget elementor-widget-text-editor\" data-id=\"9d503ff\" data-element_type=\"widget\" data-widget_type=\"text-editor.default\">\n\t\t\t\t<div class=\"elementor-widget-container\">\n\t\t\t\t\t\t\t\t\t<p>Das Mikromuseum wurde eingeweiht, als der 800. Jahrestag der ersten urkundlichen Erw\u00e4hnung (1223) der Wehrkirche von Michelsberg gefeiert wurde.<\/p><p>Das Mikromuseum besteht aus einer Sammlung von B\u00fcchern, Ikonen und Kunstgegenst\u00e4nden, die in dem Gasthaus Agora der \u00d6ffentlichkeit zug\u00e4nglich sind.<\/p><p>Die Objekte geh\u00f6ren zum europ\u00e4ischen Christentum und wurden \u00fcber das Auktionshaus Artmark erworben, wobei das Agora-Ensemble seit 2019 offizieller Partner des Auktionshauses ist. Herr H.R. Patapievici, einer der Mentoren des Agora-Ensembles, ist Pr\u00e4sident von Artmark.<\/p>\t\t\t\t\t\t\t\t<\/div>\n\t\t\t\t<\/div>\n\t\t\t\t<\/div>\n\t\t<div class=\"elementor-element elementor-element-8699d45 e-con-full e-flex e-con e-child\" data-id=\"8699d45\" data-element_type=\"container\">\n\t\t\t\t<div class=\"elementor-element elementor-element-1395114 elementor-widget elementor-widget-image\" data-id=\"1395114\" data-element_type=\"widget\" data-widget_type=\"image.default\">\n\t\t\t\t<div class=\"elementor-widget-container\">\n\t\t\t\t\t\t\t\t\t\t\t\t\t\t\t<img fetchpriority=\"high\" decoding=\"async\" width=\"1707\" height=\"1455\" src=\"https:\/\/agoracisnadioara.ro\/wp-content\/uploads\/2025\/11\/IMG_2449-1-scaled-e1762282947198.jpg\" class=\"attachment-full size-full wp-image-3834\" alt=\"\" srcset=\"https:\/\/agoracisnadioara.ro\/wp-content\/uploads\/2025\/11\/IMG_2449-1-scaled-e1762282947198.jpg 1707w, https:\/\/agoracisnadioara.ro\/wp-content\/uploads\/2025\/11\/IMG_2449-1-scaled-e1762282947198-300x256.jpg 300w, https:\/\/agoracisnadioara.ro\/wp-content\/uploads\/2025\/11\/IMG_2449-1-scaled-e1762282947198-1024x873.jpg 1024w, https:\/\/agoracisnadioara.ro\/wp-content\/uploads\/2025\/11\/IMG_2449-1-scaled-e1762282947198-768x655.jpg 768w, https:\/\/agoracisnadioara.ro\/wp-content\/uploads\/2025\/11\/IMG_2449-1-scaled-e1762282947198-1536x1309.jpg 1536w\" sizes=\"(max-width: 1707px) 100vw, 1707px\" \/>\t\t\t\t\t\t\t\t\t\t\t\t\t\t\t<\/div>\n\t\t\t\t<\/div>\n\t\t\t\t<\/div>\n\t\t\t\t\t<\/div>\n\t\t\t\t<\/div>\n\t\t<div class=\"elementor-element elementor-element-6afd8ed e-flex e-con-boxed e-con e-parent\" data-id=\"6afd8ed\" data-element_type=\"container\" data-settings=\"{&quot;background_background&quot;:&quot;classic&quot;}\">\n\t\t\t\t\t<div class=\"e-con-inner\">\n\t\t<div class=\"elementor-element elementor-element-4a241bc e-con-full e-flex e-con e-child\" data-id=\"4a241bc\" data-element_type=\"container\">\n\t\t\t\t<div class=\"elementor-element elementor-element-ad34010 elementor-widget elementor-widget-image\" data-id=\"ad34010\" data-element_type=\"widget\" data-widget_type=\"image.default\">\n\t\t\t\t<div class=\"elementor-widget-container\">\n\t\t\t\t\t\t\t\t\t\t\t\t<figure class=\"wp-caption\">\n\t\t\t\t\t\t\t\t\t\t<img decoding=\"async\" width=\"2560\" height=\"1707\" src=\"https:\/\/agoracisnadioara.ro\/wp-content\/uploads\/2025\/11\/IMG_2420-scaled.jpg\" class=\"attachment-full size-full wp-image-3805\" alt=\"\" srcset=\"https:\/\/agoracisnadioara.ro\/wp-content\/uploads\/2025\/11\/IMG_2420-scaled.jpg 2560w, https:\/\/agoracisnadioara.ro\/wp-content\/uploads\/2025\/11\/IMG_2420-300x200.jpg 300w, https:\/\/agoracisnadioara.ro\/wp-content\/uploads\/2025\/11\/IMG_2420-1024x683.jpg 1024w, https:\/\/agoracisnadioara.ro\/wp-content\/uploads\/2025\/11\/IMG_2420-768x512.jpg 768w, https:\/\/agoracisnadioara.ro\/wp-content\/uploads\/2025\/11\/IMG_2420-1536x1024.jpg 1536w, https:\/\/agoracisnadioara.ro\/wp-content\/uploads\/2025\/11\/IMG_2420-2048x1365.jpg 2048w\" sizes=\"(max-width: 2560px) 100vw, 2560px\" \/>\t\t\t\t\t\t\t\t\t\t\t<figcaption class=\"widget-image-caption wp-caption-text\">Die Statue, die einen M\u00f6nch darstellt, stammt aus dem ber\u00fchmten katholischen Kloster Mont Saint-Michel.<\/figcaption>\n\t\t\t\t\t\t\t\t\t\t<\/figure>\n\t\t\t\t\t\t\t\t\t<\/div>\n\t\t\t\t<\/div>\n\t\t\t\t<\/div>\n\t\t<div class=\"elementor-element elementor-element-4d24738 e-con-full e-flex e-con e-child\" data-id=\"4d24738\" data-element_type=\"container\">\n\t\t\t\t<div class=\"elementor-element elementor-element-aa8ee30 elementor-widget elementor-widget-image\" data-id=\"aa8ee30\" data-element_type=\"widget\" data-widget_type=\"image.default\">\n\t\t\t\t<div class=\"elementor-widget-container\">\n\t\t\t\t\t\t\t\t\t\t\t\t<figure class=\"wp-caption\">\n\t\t\t\t\t\t\t\t\t\t<img decoding=\"async\" width=\"2560\" height=\"1707\" src=\"https:\/\/agoracisnadioara.ro\/wp-content\/uploads\/2025\/11\/IMG_2432-scaled.jpg\" class=\"attachment-full size-full wp-image-3817\" alt=\"\" srcset=\"https:\/\/agoracisnadioara.ro\/wp-content\/uploads\/2025\/11\/IMG_2432-scaled.jpg 2560w, https:\/\/agoracisnadioara.ro\/wp-content\/uploads\/2025\/11\/IMG_2432-300x200.jpg 300w, https:\/\/agoracisnadioara.ro\/wp-content\/uploads\/2025\/11\/IMG_2432-1024x683.jpg 1024w, https:\/\/agoracisnadioara.ro\/wp-content\/uploads\/2025\/11\/IMG_2432-768x512.jpg 768w, https:\/\/agoracisnadioara.ro\/wp-content\/uploads\/2025\/11\/IMG_2432-1536x1024.jpg 1536w, https:\/\/agoracisnadioara.ro\/wp-content\/uploads\/2025\/11\/IMG_2432-2048x1365.jpg 2048w\" sizes=\"(max-width: 2560px) 100vw, 2560px\" \/>\t\t\t\t\t\t\t\t\t\t\t<figcaption class=\"widget-image-caption wp-caption-text\">Das Neue Testament von Alba Iulia aus dem Jahr 1648.<\/figcaption>\n\t\t\t\t\t\t\t\t\t\t<\/figure>\n\t\t\t\t\t\t\t\t\t<\/div>\n\t\t\t\t<\/div>\n\t\t\t\t<\/div>\n\t\t\t\t\t<\/div>\n\t\t\t\t<\/div>\n\t\t\t\t<\/div>","protected":false},"excerpt":{"rendered":"<p>Micro Muzeul Agora Micromuzeul a fost inaugurat pentru a marca 800 de ani de la atestarea documentar\u0103 a Bisericii Fortificate din Cisn\u0103dioara (anul 1223). Micromuzeul este constituit dintr-o colec\u021bie de c\u0103r\u021bi, icoane \u0219i obiecte de art\u0103, expuse publicului \u00een incinta Pensiunii Agora. Obiectele apar\u021bin cre\u0219tinismului european \u0219i au fost achizi\u021bionate prin Casa de Licita\u021bii Artmark, [&hellip;]<\/p>","protected":false},"author":1,"featured_media":0,"parent":2034,"menu_order":0,"comment_status":"closed","ping_status":"closed","template":"","meta":{"_uag_custom_page_level_css":"","site-sidebar-layout":"no-sidebar","site-content-layout":"page-builder","ast-site-content-layout":"default","site-content-style":"default","site-sidebar-style":"default","ast-global-header-display":"","ast-banner-title-visibility":"","ast-main-header-display":"","ast-hfb-above-header-display":"","ast-hfb-below-header-display":"","ast-hfb-mobile-header-display":"","site-post-title":"disabled","ast-breadcrumbs-content":"","ast-featured-img":"","footer-sml-layout":"","theme-transparent-header-meta":"default","adv-header-id-meta":"","stick-header-meta":"","header-above-stick-meta":"","header-main-stick-meta":"","header-below-stick-meta":"","astra-migrate-meta-layouts":"default","ast-page-background-enabled":"default","ast-page-background-meta":{"desktop":{"background-color":"var(--ast-global-color-4)","background-image":"","background-repeat":"repeat","background-position":"center center","background-size":"auto","background-attachment":"scroll","background-type":"","background-media":"","overlay-type":"","overlay-color":"","overlay-opacity":"","overlay-gradient":""},"tablet":{"background-color":"","background-image":"","background-repeat":"repeat","background-position":"center center","background-size":"auto","background-attachment":"scroll","background-type":"","background-media":"","overlay-type":"","overlay-color":"","overlay-opacity":"","overlay-gradient":""},"mobile":{"background-color":"","background-image":"","background-repeat":"repeat","background-position":"center center","background-size":"auto","background-attachment":"scroll","background-type":"","background-media":"","overlay-type":"","overlay-color":"","overlay-opacity":"","overlay-gradient":""}},"ast-content-background-meta":{"desktop":{"background-color":"var(--ast-global-color-5)","background-image":"","background-repeat":"repeat","background-position":"center center","background-size":"auto","background-attachment":"scroll","background-type":"","background-media":"","overlay-type":"","overlay-color":"","overlay-opacity":"","overlay-gradient":""},"tablet":{"background-color":"var(--ast-global-color-5)","background-image":"","background-repeat":"repeat","background-position":"center center","background-size":"auto","background-attachment":"scroll","background-type":"","background-media":"","overlay-type":"","overlay-color":"","overlay-opacity":"","overlay-gradient":""},"mobile":{"background-color":"var(--ast-global-color-5)","background-image":"","background-repeat":"repeat","background-position":"center center","background-size":"auto","background-attachment":"scroll","background-type":"","background-media":"","overlay-type":"","overlay-color":"","overlay-opacity":"","overlay-gradient":""}},"footnotes":""},"class_list":["post-1969","page","type-page","status-publish","hentry"],"yoast_head":"<!-- This site is optimized with the Yoast SEO plugin v27.0 - https:\/\/yoast.com\/product\/yoast-seo-wordpress\/ -->\n<title>Micro Muzeu - Ansamblul Agora Cisn\u0103dioara<\/title>\n<meta name=\"robots\" content=\"index, follow, max-snippet:-1, max-image-preview:large, max-video-preview:-1\" \/>\n<link rel=\"canonical\" href=\"https:\/\/agoracisnadioara.ro\/de\/cultural\/micro-muzeu\/\" \/>\n<meta property=\"og:locale\" content=\"de_DE\" \/>\n<meta property=\"og:type\" content=\"article\" \/>\n<meta property=\"og:title\" content=\"Micro Muzeu - Ansamblul Agora Cisn\u0103dioara\" \/>\n<meta property=\"og:description\" content=\"Micro Muzeul Agora Micromuzeul a fost inaugurat pentru a marca 800 de ani de la atestarea documentar\u0103 a Bisericii Fortificate din Cisn\u0103dioara (anul 1223). Micromuzeul este constituit dintr-o colec\u021bie de c\u0103r\u021bi, icoane \u0219i obiecte de art\u0103, expuse publicului \u00een incinta Pensiunii Agora. Obiectele apar\u021bin cre\u0219tinismului european \u0219i au fost achizi\u021bionate prin Casa de Licita\u021bii Artmark, [&hellip;]\" \/>\n<meta property=\"og:url\" content=\"https:\/\/agoracisnadioara.ro\/de\/cultural\/micro-muzeu\/\" \/>\n<meta property=\"og:site_name\" content=\"Ansamblul Agora Cisn\u0103dioara\" \/>\n<meta property=\"article:publisher\" content=\"https:\/\/www.facebook.com\/AgoraCisnadioara\/\" \/>\n<meta property=\"article:modified_time\" content=\"2025-11-04T19:02:42+00:00\" \/>\n<meta property=\"og:image\" content=\"https:\/\/agoracisnadioara.ro\/wp-content\/uploads\/2025\/11\/IMG_2449-1-scaled-e1762282947198.jpg\" \/>\n\t<meta property=\"og:image:width\" content=\"1707\" \/>\n\t<meta property=\"og:image:height\" content=\"1455\" \/>\n\t<meta property=\"og:image:type\" content=\"image\/jpeg\" \/>\n<meta name=\"twitter:card\" content=\"summary_large_image\" \/>\n<meta name=\"twitter:label1\" content=\"Gesch\u00e4tzte Lesezeit\" \/>\n\t<meta name=\"twitter:data1\" content=\"2\u00a0Minuten\" \/>\n<script type=\"application\/ld+json\" class=\"yoast-schema-graph\">{\"@context\":\"https:\/\/schema.org\",\"@graph\":[{\"@type\":\"WebPage\",\"@id\":\"https:\/\/agoracisnadioara.ro\/cultural\/micro-muzeu\/\",\"url\":\"https:\/\/agoracisnadioara.ro\/cultural\/micro-muzeu\/\",\"name\":\"Micro Muzeu - Ansamblul Agora Cisn\u0103dioara\",\"isPartOf\":{\"@id\":\"https:\/\/agoracisnadioara.ro\/#website\"},\"primaryImageOfPage\":{\"@id\":\"https:\/\/agoracisnadioara.ro\/cultural\/micro-muzeu\/#primaryimage\"},\"image\":{\"@id\":\"https:\/\/agoracisnadioara.ro\/cultural\/micro-muzeu\/#primaryimage\"},\"thumbnailUrl\":\"https:\/\/agoracisnadioara.ro\/wp-content\/uploads\/2025\/11\/IMG_2449-1-scaled-e1762282947198.jpg\",\"datePublished\":\"2024-10-23T10:24:58+00:00\",\"dateModified\":\"2025-11-04T19:02:42+00:00\",\"breadcrumb\":{\"@id\":\"https:\/\/agoracisnadioara.ro\/cultural\/micro-muzeu\/#breadcrumb\"},\"inLanguage\":\"de\",\"potentialAction\":[{\"@type\":\"ReadAction\",\"target\":[\"https:\/\/agoracisnadioara.ro\/cultural\/micro-muzeu\/\"]}]},{\"@type\":\"ImageObject\",\"inLanguage\":\"de\",\"@id\":\"https:\/\/agoracisnadioara.ro\/cultural\/micro-muzeu\/#primaryimage\",\"url\":\"https:\/\/agoracisnadioara.ro\/wp-content\/uploads\/2025\/11\/IMG_2449-1-scaled-e1762282947198.jpg\",\"contentUrl\":\"https:\/\/agoracisnadioara.ro\/wp-content\/uploads\/2025\/11\/IMG_2449-1-scaled-e1762282947198.jpg\"},{\"@type\":\"BreadcrumbList\",\"@id\":\"https:\/\/agoracisnadioara.ro\/cultural\/micro-muzeu\/#breadcrumb\",\"itemListElement\":[{\"@type\":\"ListItem\",\"position\":1,\"name\":\"Prima pagin\u0103\",\"item\":\"https:\/\/agoracisnadioara.ro\/\"},{\"@type\":\"ListItem\",\"position\":2,\"name\":\"Cultural\",\"item\":\"https:\/\/agoracisnadioara.ro\/cultural\/\"},{\"@type\":\"ListItem\",\"position\":3,\"name\":\"Micro Muzeu\"}]},{\"@type\":\"WebSite\",\"@id\":\"https:\/\/agoracisnadioara.ro\/#website\",\"url\":\"https:\/\/agoracisnadioara.ro\/\",\"name\":\"Ansamblul Agora Cisn\u0103dioara\",\"description\":\"Oriunde mergi, g\u0103se\u0219ti BINELE!\",\"publisher\":{\"@id\":\"https:\/\/agoracisnadioara.ro\/#organization\"},\"potentialAction\":[{\"@type\":\"SearchAction\",\"target\":{\"@type\":\"EntryPoint\",\"urlTemplate\":\"https:\/\/agoracisnadioara.ro\/?s={search_term_string}\"},\"query-input\":{\"@type\":\"PropertyValueSpecification\",\"valueRequired\":true,\"valueName\":\"search_term_string\"}}],\"inLanguage\":\"de\"},{\"@type\":\"Organization\",\"@id\":\"https:\/\/agoracisnadioara.ro\/#organization\",\"name\":\"Ansamblul Agora Cisn\u0103dioara\",\"url\":\"https:\/\/agoracisnadioara.ro\/\",\"logo\":{\"@type\":\"ImageObject\",\"inLanguage\":\"de\",\"@id\":\"https:\/\/agoracisnadioara.ro\/#\/schema\/logo\/image\/\",\"url\":\"https:\/\/agoracisnadioara.ro\/wp-content\/uploads\/2023\/11\/color-extra.png\",\"contentUrl\":\"https:\/\/agoracisnadioara.ro\/wp-content\/uploads\/2023\/11\/color-extra.png\",\"width\":135,\"height\":171,\"caption\":\"Ansamblul Agora Cisn\u0103dioara\"},\"image\":{\"@id\":\"https:\/\/agoracisnadioara.ro\/#\/schema\/logo\/image\/\"},\"sameAs\":[\"https:\/\/www.facebook.com\/AgoraCisnadioara\/\"]}]}<\/script>\n<!-- \/ Yoast SEO plugin. -->","yoast_head_json":{"title":"Micro Muzeu - Ansamblul Agora Cisn\u0103dioara","robots":{"index":"index","follow":"follow","max-snippet":"max-snippet:-1","max-image-preview":"max-image-preview:large","max-video-preview":"max-video-preview:-1"},"canonical":"https:\/\/agoracisnadioara.ro\/de\/cultural\/micro-muzeu\/","og_locale":"de_DE","og_type":"article","og_title":"Micro Muzeu - Ansamblul Agora Cisn\u0103dioara","og_description":"Micro Muzeul Agora Micromuzeul a fost inaugurat pentru a marca 800 de ani de la atestarea documentar\u0103 a Bisericii Fortificate din Cisn\u0103dioara (anul 1223). Micromuzeul este constituit dintr-o colec\u021bie de c\u0103r\u021bi, icoane \u0219i obiecte de art\u0103, expuse publicului \u00een incinta Pensiunii Agora. Obiectele apar\u021bin cre\u0219tinismului european \u0219i au fost achizi\u021bionate prin Casa de Licita\u021bii Artmark, [&hellip;]","og_url":"https:\/\/agoracisnadioara.ro\/de\/cultural\/micro-muzeu\/","og_site_name":"Ansamblul Agora Cisn\u0103dioara","article_publisher":"https:\/\/www.facebook.com\/AgoraCisnadioara\/","article_modified_time":"2025-11-04T19:02:42+00:00","og_image":[{"width":1707,"height":1455,"url":"https:\/\/agoracisnadioara.ro\/wp-content\/uploads\/2025\/11\/IMG_2449-1-scaled-e1762282947198.jpg","type":"image\/jpeg"}],"twitter_card":"summary_large_image","twitter_misc":{"Gesch\u00e4tzte Lesezeit":"2\u00a0Minuten"},"schema":{"@context":"https:\/\/schema.org","@graph":[{"@type":"WebPage","@id":"https:\/\/agoracisnadioara.ro\/cultural\/micro-muzeu\/","url":"https:\/\/agoracisnadioara.ro\/cultural\/micro-muzeu\/","name":"Micro Muzeu - Ansamblul Agora Cisn\u0103dioara","isPartOf":{"@id":"https:\/\/agoracisnadioara.ro\/#website"},"primaryImageOfPage":{"@id":"https:\/\/agoracisnadioara.ro\/cultural\/micro-muzeu\/#primaryimage"},"image":{"@id":"https:\/\/agoracisnadioara.ro\/cultural\/micro-muzeu\/#primaryimage"},"thumbnailUrl":"https:\/\/agoracisnadioara.ro\/wp-content\/uploads\/2025\/11\/IMG_2449-1-scaled-e1762282947198.jpg","datePublished":"2024-10-23T10:24:58+00:00","dateModified":"2025-11-04T19:02:42+00:00","breadcrumb":{"@id":"https:\/\/agoracisnadioara.ro\/cultural\/micro-muzeu\/#breadcrumb"},"inLanguage":"de","potentialAction":[{"@type":"ReadAction","target":["https:\/\/agoracisnadioara.ro\/cultural\/micro-muzeu\/"]}]},{"@type":"ImageObject","inLanguage":"de","@id":"https:\/\/agoracisnadioara.ro\/cultural\/micro-muzeu\/#primaryimage","url":"https:\/\/agoracisnadioara.ro\/wp-content\/uploads\/2025\/11\/IMG_2449-1-scaled-e1762282947198.jpg","contentUrl":"https:\/\/agoracisnadioara.ro\/wp-content\/uploads\/2025\/11\/IMG_2449-1-scaled-e1762282947198.jpg"},{"@type":"BreadcrumbList","@id":"https:\/\/agoracisnadioara.ro\/cultural\/micro-muzeu\/#breadcrumb","itemListElement":[{"@type":"ListItem","position":1,"name":"Prima pagin\u0103","item":"https:\/\/agoracisnadioara.ro\/"},{"@type":"ListItem","position":2,"name":"Cultural","item":"https:\/\/agoracisnadioara.ro\/cultural\/"},{"@type":"ListItem","position":3,"name":"Micro Muzeu"}]},{"@type":"WebSite","@id":"https:\/\/agoracisnadioara.ro\/#website","url":"https:\/\/agoracisnadioara.ro\/","name":"Ansamblul Agora Cisn\u0103dioara","description":"Oriunde mergi, g\u0103se\u0219ti BINELE!","publisher":{"@id":"https:\/\/agoracisnadioara.ro\/#organization"},"potentialAction":[{"@type":"SearchAction","target":{"@type":"EntryPoint","urlTemplate":"https:\/\/agoracisnadioara.ro\/?s={search_term_string}"},"query-input":{"@type":"PropertyValueSpecification","valueRequired":true,"valueName":"search_term_string"}}],"inLanguage":"de"},{"@type":"Organization","@id":"https:\/\/agoracisnadioara.ro\/#organization","name":"Ansamblul Agora Cisn\u0103dioara","url":"https:\/\/agoracisnadioara.ro\/","logo":{"@type":"ImageObject","inLanguage":"de","@id":"https:\/\/agoracisnadioara.ro\/#\/schema\/logo\/image\/","url":"https:\/\/agoracisnadioara.ro\/wp-content\/uploads\/2023\/11\/color-extra.png","contentUrl":"https:\/\/agoracisnadioara.ro\/wp-content\/uploads\/2023\/11\/color-extra.png","width":135,"height":171,"caption":"Ansamblul Agora Cisn\u0103dioara"},"image":{"@id":"https:\/\/agoracisnadioara.ro\/#\/schema\/logo\/image\/"},"sameAs":["https:\/\/www.facebook.com\/AgoraCisnadioara\/"]}]}},"uagb_featured_image_src":{"full":false,"thumbnail":false,"medium":false,"medium_large":false,"large":false,"1536x1536":false,"2048x2048":false,"trp-custom-language-flag":false},"uagb_author_info":{"display_name":"Diana","author_link":"https:\/\/agoracisnadioara.ro\/de\/author\/diana\/"},"uagb_comment_info":0,"uagb_excerpt":"Micro Muzeul Agora Micromuzeul a fost inaugurat pentru a marca 800 de ani de la atestarea documentar\u0103 a Bisericii Fortificate din Cisn\u0103dioara (anul 1223). Micromuzeul este constituit dintr-o colec\u021bie de c\u0103r\u021bi, icoane \u0219i obiecte de art\u0103, expuse publicului \u00een incinta Pensiunii Agora. Obiectele apar\u021bin cre\u0219tinismului european \u0219i au fost achizi\u021bionate prin Casa de Licita\u021bii Artmark,&hellip;","_links":{"self":[{"href":"https:\/\/agoracisnadioara.ro\/de\/wp-json\/wp\/v2\/pages\/1969","targetHints":{"allow":["GET"]}}],"collection":[{"href":"https:\/\/agoracisnadioara.ro\/de\/wp-json\/wp\/v2\/pages"}],"about":[{"href":"https:\/\/agoracisnadioara.ro\/de\/wp-json\/wp\/v2\/types\/page"}],"author":[{"embeddable":true,"href":"https:\/\/agoracisnadioara.ro\/de\/wp-json\/wp\/v2\/users\/1"}],"replies":[{"embeddable":true,"href":"https:\/\/agoracisnadioara.ro\/de\/wp-json\/wp\/v2\/comments?post=1969"}],"version-history":[{"count":37,"href":"https:\/\/agoracisnadioara.ro\/de\/wp-json\/wp\/v2\/pages\/1969\/revisions"}],"predecessor-version":[{"id":3858,"href":"https:\/\/agoracisnadioara.ro\/de\/wp-json\/wp\/v2\/pages\/1969\/revisions\/3858"}],"up":[{"embeddable":true,"href":"https:\/\/agoracisnadioara.ro\/de\/wp-json\/wp\/v2\/pages\/2034"}],"wp:attachment":[{"href":"https:\/\/agoracisnadioara.ro\/de\/wp-json\/wp\/v2\/media?parent=1969"}],"curies":[{"name":"wp","href":"https:\/\/api.w.org\/{rel}","templated":true}]}}