{"id":2807,"date":"2025-10-28T12:59:10","date_gmt":"2025-10-28T10:59:10","guid":{"rendered":"https:\/\/agoracisnadioara.ro\/?page_id=2807"},"modified":"2025-11-10T19:23:22","modified_gmt":"2025-11-10T17:23:22","slug":"restaurare-patrimoniu","status":"publish","type":"page","link":"https:\/\/agoracisnadioara.ro\/de\/cultural\/restaurare-patrimoniu\/","title":{"rendered":"Restaurarea patrimoniului"},"content":{"rendered":"<div data-elementor-type=\"wp-page\" data-elementor-id=\"2807\" class=\"elementor elementor-2807\" data-elementor-post-type=\"page\">\n\t\t\t\t<div class=\"elementor-element elementor-element-632a7fa e-flex e-con-boxed e-con e-parent\" data-id=\"632a7fa\" data-element_type=\"container\" data-settings=\"{&quot;background_background&quot;:&quot;classic&quot;}\">\n\t\t\t\t\t<div class=\"e-con-inner\">\n\t\t<div class=\"elementor-element elementor-element-868c7c6 e-con-full e-flex e-con e-child\" data-id=\"868c7c6\" data-element_type=\"container\">\n\t\t\t\t<div class=\"elementor-element elementor-element-735da12 elementor-widget elementor-widget-heading\" data-id=\"735da12\" data-element_type=\"widget\" data-widget_type=\"heading.default\">\n\t\t\t\t<div class=\"elementor-widget-container\">\n\t\t\t\t\t<h1 class=\"elementor-heading-title elementor-size-default\">Restaurierung und Erhaltung des materiellen Kulturerbes<\/h1>\t\t\t\t<\/div>\n\t\t\t\t<\/div>\n\t\t\t\t<\/div>\n\t\t\t\t\t<\/div>\n\t\t\t\t<\/div>\n\t\t<div class=\"elementor-element elementor-element-a7cfe3b e-flex e-con-boxed e-con e-parent\" data-id=\"a7cfe3b\" data-element_type=\"container\" data-settings=\"{&quot;background_background&quot;:&quot;classic&quot;}\">\n\t\t\t\t\t<div class=\"e-con-inner\">\n\t\t<div class=\"elementor-element elementor-element-a2a580a e-con-full e-flex e-con e-child\" data-id=\"a2a580a\" data-element_type=\"container\">\n\t\t\t\t<div class=\"elementor-element elementor-element-9d503ff elementor-widget elementor-widget-text-editor\" data-id=\"9d503ff\" data-element_type=\"widget\" data-widget_type=\"text-editor.default\">\n\t\t\t\t<div class=\"elementor-widget-container\">\n\t\t\t\t\t\t\t\t\t<p>Die H\u00e4user im Zentrum von Michelsberg stehen auf der Liste der historischen Denkm\u00e4ler Rum\u00e4niens unter dem Namen: L\u00e4ndlicher Komplex \u201eHistorisches Zentrum Michelsberg\u201d, Code SB-II-a-A-12359, XVIII-XIX Jahrhundert, Denkmal von nationaler Bedeutung. Angesichts des Alters dieser H\u00e4user erforderte ihre Renovierung umfangreiche Restaurierungs- und Konservierungsarbeiten.<\/p><p>Die Sanierungsarbeiten sorgten daf\u00fcr, dass m\u00f6glichst viele architektonische Details, Holzarbeiten, Fundamente und Steinmauern erhalten blieben, und es wurden Ma\u00dfnahmen zur Verst\u00e4rkung der Geb\u00e4ude und zur Beseitigung von Feuchtigkeit durchgef\u00fchrt. Ziel dieser Arbeiten war es, diesen Geb\u00e4uden eine neue, zeitgem\u00e4\u00dfe Bestimmung zu geben, indem sie entweder in touristische Einrichtungen oder in Orte umgewandelt wurden, die den unterschiedlichen Bed\u00fcrfnissen der \u00d6ffentlichkeit, insbesondere von Kindern und Jugendlichen, angepasst sind.<\/p>\t\t\t\t\t\t\t\t<\/div>\n\t\t\t\t<\/div>\n\t\t\t\t<\/div>\n\t\t<div class=\"elementor-element elementor-element-c362188 e-con-full e-flex e-con e-child\" data-id=\"c362188\" data-element_type=\"container\">\n\t\t\t\t<div class=\"elementor-element elementor-element-ec2ef96 elementor-widget__width-initial elementor-widget elementor-widget-image\" data-id=\"ec2ef96\" data-element_type=\"widget\" data-widget_type=\"image.default\">\n\t\t\t\t<div class=\"elementor-widget-container\">\n\t\t\t\t\t\t\t\t\t\t\t\t\t\t\t<img fetchpriority=\"high\" decoding=\"async\" width=\"1200\" height=\"1600\" src=\"https:\/\/agoracisnadioara.ro\/wp-content\/uploads\/2025\/11\/IMG_8373.jpg\" class=\"attachment-full size-full wp-image-3606\" alt=\"\" srcset=\"https:\/\/agoracisnadioara.ro\/wp-content\/uploads\/2025\/11\/IMG_8373.jpg 1200w, https:\/\/agoracisnadioara.ro\/wp-content\/uploads\/2025\/11\/IMG_8373-225x300.jpg 225w, https:\/\/agoracisnadioara.ro\/wp-content\/uploads\/2025\/11\/IMG_8373-768x1024.jpg 768w, https:\/\/agoracisnadioara.ro\/wp-content\/uploads\/2025\/11\/IMG_8373-1152x1536.jpg 1152w\" sizes=\"(max-width: 1200px) 100vw, 1200px\" \/>\t\t\t\t\t\t\t\t\t\t\t\t\t\t\t<\/div>\n\t\t\t\t<\/div>\n\t\t\t\t<\/div>\n\t\t\t\t\t<\/div>\n\t\t\t\t<\/div>\n\t\t<div class=\"elementor-element elementor-element-fad245c e-flex e-con-boxed e-con e-parent\" data-id=\"fad245c\" data-element_type=\"container\" data-settings=\"{&quot;background_background&quot;:&quot;classic&quot;}\">\n\t\t\t\t\t<div class=\"e-con-inner\">\n\t\t<div class=\"elementor-element elementor-element-4c2e91f e-con-full e-flex e-con e-child\" data-id=\"4c2e91f\" data-element_type=\"container\">\n\t\t\t\t<div class=\"elementor-element elementor-element-180826b elementor-widget elementor-widget-text-editor\" data-id=\"180826b\" data-element_type=\"widget\" data-widget_type=\"text-editor.default\">\n\t\t\t\t<div class=\"elementor-widget-container\">\n\t\t\t\t\t\t\t\t\t<p>Das Agora-Ensemble hat 2018 mit der Restaurierung von vier Geb\u00e4uden im historischen Zentrum von Michelsberg begonnen: das Paulini-Haus, das G\u00e4stehaus Agora, die Karin-G\u00fcndisch-Bibliothek und das Geb\u00e4ude in der Subcetate-Stra\u00dfe 232. Derzeit werden das Geb\u00e4ude in der Subcetate-Stra\u00dfe Nr. 233 und das Geb\u00e4ude, in dem der Infopoint Michelsberg eingerichtet werden soll (Gozelinus-Platz Nr. 204), restauriert. Au\u00dferhalb des historischen Zentrums wurde eine Halle der ehemaligen Landwirtschaftlichen Produktionsgenossenschaft Michelsberg (CAP) aus den 70er Jahren restauriert. Ab 2026 wird hier die erste Veranstaltung des Projekts Agora Youth Club stattfinden.<\/p>\t\t\t\t\t\t\t\t<\/div>\n\t\t\t\t<\/div>\n\t\t\t\t<\/div>\n\t\t<div class=\"elementor-element elementor-element-9540170 e-con-full e-flex e-con e-child\" data-id=\"9540170\" data-element_type=\"container\">\n\t\t\t\t<div class=\"elementor-element elementor-element-643615d elementor-widget__width-initial elementor-widget elementor-widget-image\" data-id=\"643615d\" data-element_type=\"widget\" data-widget_type=\"image.default\">\n\t\t\t\t<div class=\"elementor-widget-container\">\n\t\t\t\t\t\t\t\t\t\t\t\t\t\t\t<img decoding=\"async\" width=\"1200\" height=\"1600\" src=\"https:\/\/agoracisnadioara.ro\/wp-content\/uploads\/2025\/11\/IMG_8368.jpg\" class=\"attachment-full size-full wp-image-3601\" alt=\"\" srcset=\"https:\/\/agoracisnadioara.ro\/wp-content\/uploads\/2025\/11\/IMG_8368.jpg 1200w, https:\/\/agoracisnadioara.ro\/wp-content\/uploads\/2025\/11\/IMG_8368-225x300.jpg 225w, https:\/\/agoracisnadioara.ro\/wp-content\/uploads\/2025\/11\/IMG_8368-768x1024.jpg 768w, https:\/\/agoracisnadioara.ro\/wp-content\/uploads\/2025\/11\/IMG_8368-1152x1536.jpg 1152w\" sizes=\"(max-width: 1200px) 100vw, 1200px\" \/>\t\t\t\t\t\t\t\t\t\t\t\t\t\t\t<\/div>\n\t\t\t\t<\/div>\n\t\t\t\t<\/div>\n\t\t\t\t\t<\/div>\n\t\t\t\t<\/div>\n\t\t<div class=\"elementor-element elementor-element-b32a5ef e-flex e-con-boxed e-con e-parent\" data-id=\"b32a5ef\" data-element_type=\"container\">\n\t\t\t\t\t<div class=\"e-con-inner\">\n\t\t<div class=\"elementor-element elementor-element-6d63c06 e-con-full e-flex e-con e-child\" data-id=\"6d63c06\" data-element_type=\"container\">\n\t\t\t\t<div class=\"elementor-element elementor-element-848663e elementor-widget elementor-widget-image\" data-id=\"848663e\" data-element_type=\"widget\" data-widget_type=\"image.default\">\n\t\t\t\t<div class=\"elementor-widget-container\">\n\t\t\t\t\t\t\t\t\t\t\t\t\t\t\t<img decoding=\"async\" width=\"768\" height=\"1024\" src=\"https:\/\/agoracisnadioara.ro\/wp-content\/uploads\/2025\/11\/IMG_8369-768x1024.jpg\" class=\"attachment-large size-large wp-image-3602\" alt=\"\" srcset=\"https:\/\/agoracisnadioara.ro\/wp-content\/uploads\/2025\/11\/IMG_8369-768x1024.jpg 768w, https:\/\/agoracisnadioara.ro\/wp-content\/uploads\/2025\/11\/IMG_8369-225x300.jpg 225w, https:\/\/agoracisnadioara.ro\/wp-content\/uploads\/2025\/11\/IMG_8369-1152x1536.jpg 1152w, https:\/\/agoracisnadioara.ro\/wp-content\/uploads\/2025\/11\/IMG_8369.jpg 1200w\" sizes=\"(max-width: 768px) 100vw, 768px\" \/>\t\t\t\t\t\t\t\t\t\t\t\t\t\t\t<\/div>\n\t\t\t\t<\/div>\n\t\t\t\t<\/div>\n\t\t<div class=\"elementor-element elementor-element-a88bcee e-con-full e-flex e-con e-child\" data-id=\"a88bcee\" data-element_type=\"container\">\n\t\t\t\t<div class=\"elementor-element elementor-element-f8ee986 elementor-widget elementor-widget-image\" data-id=\"f8ee986\" data-element_type=\"widget\" data-widget_type=\"image.default\">\n\t\t\t\t<div class=\"elementor-widget-container\">\n\t\t\t\t\t\t\t\t\t\t\t\t\t\t\t<img loading=\"lazy\" decoding=\"async\" width=\"768\" height=\"1024\" src=\"https:\/\/agoracisnadioara.ro\/wp-content\/uploads\/2025\/11\/IMG_8367.jpg\" class=\"attachment-large size-large wp-image-3600\" alt=\"\" srcset=\"https:\/\/agoracisnadioara.ro\/wp-content\/uploads\/2025\/11\/IMG_8367.jpg 768w, https:\/\/agoracisnadioara.ro\/wp-content\/uploads\/2025\/11\/IMG_8367-225x300.jpg 225w\" sizes=\"(max-width: 768px) 100vw, 768px\" \/>\t\t\t\t\t\t\t\t\t\t\t\t\t\t\t<\/div>\n\t\t\t\t<\/div>\n\t\t\t\t<\/div>\n\t\t<div class=\"elementor-element elementor-element-bb6894f e-con-full e-flex e-con e-child\" data-id=\"bb6894f\" data-element_type=\"container\">\n\t\t\t\t<div class=\"elementor-element elementor-element-ec700c6 elementor-widget elementor-widget-image\" data-id=\"ec700c6\" data-element_type=\"widget\" data-widget_type=\"image.default\">\n\t\t\t\t<div class=\"elementor-widget-container\">\n\t\t\t\t\t\t\t\t\t\t\t\t\t\t\t<img loading=\"lazy\" decoding=\"async\" width=\"713\" height=\"1024\" src=\"https:\/\/agoracisnadioara.ro\/wp-content\/uploads\/2025\/11\/IMG_8371-e1762108687227-713x1024.jpg\" class=\"attachment-large size-large wp-image-3604\" alt=\"\" srcset=\"https:\/\/agoracisnadioara.ro\/wp-content\/uploads\/2025\/11\/IMG_8371-e1762108687227-713x1024.jpg 713w, https:\/\/agoracisnadioara.ro\/wp-content\/uploads\/2025\/11\/IMG_8371-e1762108687227-209x300.jpg 209w, https:\/\/agoracisnadioara.ro\/wp-content\/uploads\/2025\/11\/IMG_8371-e1762108687227-768x1103.jpg 768w, https:\/\/agoracisnadioara.ro\/wp-content\/uploads\/2025\/11\/IMG_8371-e1762108687227.jpg 900w\" sizes=\"(max-width: 713px) 100vw, 713px\" \/>\t\t\t\t\t\t\t\t\t\t\t\t\t\t\t<\/div>\n\t\t\t\t<\/div>\n\t\t\t\t<\/div>\n\t\t<div class=\"elementor-element elementor-element-b50e754 e-con-full e-flex e-con e-child\" data-id=\"b50e754\" data-element_type=\"container\">\n\t\t\t\t<div class=\"elementor-element elementor-element-e351ba9 elementor-widget elementor-widget-image\" data-id=\"e351ba9\" data-element_type=\"widget\" data-widget_type=\"image.default\">\n\t\t\t\t<div class=\"elementor-widget-container\">\n\t\t\t\t\t\t\t\t\t\t\t\t\t\t\t<img loading=\"lazy\" decoding=\"async\" width=\"576\" height=\"1024\" src=\"https:\/\/agoracisnadioara.ro\/wp-content\/uploads\/2025\/11\/IMG_8370-576x1024.jpg\" class=\"attachment-large size-large wp-image-3603\" alt=\"\" srcset=\"https:\/\/agoracisnadioara.ro\/wp-content\/uploads\/2025\/11\/IMG_8370-576x1024.jpg 576w, https:\/\/agoracisnadioara.ro\/wp-content\/uploads\/2025\/11\/IMG_8370-169x300.jpg 169w, https:\/\/agoracisnadioara.ro\/wp-content\/uploads\/2025\/11\/IMG_8370-768x1365.jpg 768w, https:\/\/agoracisnadioara.ro\/wp-content\/uploads\/2025\/11\/IMG_8370-864x1536.jpg 864w, https:\/\/agoracisnadioara.ro\/wp-content\/uploads\/2025\/11\/IMG_8370.jpg 900w\" sizes=\"(max-width: 576px) 100vw, 576px\" \/>\t\t\t\t\t\t\t\t\t\t\t\t\t\t\t<\/div>\n\t\t\t\t<\/div>\n\t\t\t\t<\/div>\n\t\t\t\t\t<\/div>\n\t\t\t\t<\/div>\n\t\t\t\t<\/div>","protected":false},"excerpt":{"rendered":"<p>Restaurarea \u0219i conservarea patrimoniului material Casele din centrul localit\u0103\u021bii Cisn\u0103dioara se reg\u0103sesc \u00een cadrul Listei monumentelor istorice din Rom\u00e2nia, sub denumirea\u00a0 :\u00a0 Ansamblul rural \u201dCentrul istoric Cisn\u0103dioara\u201d, cod SB-II-a-A-12359, secolul XVIII-XIX, monument de importan\u021b\u0103 na\u021bional\u0103. Dat\u0103 fiind vechimea acestor case, reabilitarea lor a \u00eensemnat ample lucr\u0103ri de restaurare \u0219i conservare. Lucr\u0103rile de reabilitare au asigurat [&hellip;]<\/p>","protected":false},"author":1,"featured_media":0,"parent":2034,"menu_order":0,"comment_status":"closed","ping_status":"closed","template":"","meta":{"_uag_custom_page_level_css":"","site-sidebar-layout":"no-sidebar","site-content-layout":"page-builder","ast-site-content-layout":"default","site-content-style":"default","site-sidebar-style":"default","ast-global-header-display":"","ast-banner-title-visibility":"","ast-main-header-display":"","ast-hfb-above-header-display":"","ast-hfb-below-header-display":"","ast-hfb-mobile-header-display":"","site-post-title":"disabled","ast-breadcrumbs-content":"","ast-featured-img":"","footer-sml-layout":"","theme-transparent-header-meta":"default","adv-header-id-meta":"","stick-header-meta":"","header-above-stick-meta":"","header-main-stick-meta":"","header-below-stick-meta":"","astra-migrate-meta-layouts":"default","ast-page-background-enabled":"default","ast-page-background-meta":{"desktop":{"background-color":"var(--ast-global-color-4)","background-image":"","background-repeat":"repeat","background-position":"center center","background-size":"auto","background-attachment":"scroll","background-type":"","background-media":"","overlay-type":"","overlay-color":"","overlay-opacity":"","overlay-gradient":""},"tablet":{"background-color":"","background-image":"","background-repeat":"repeat","background-position":"center center","background-size":"auto","background-attachment":"scroll","background-type":"","background-media":"","overlay-type":"","overlay-color":"","overlay-opacity":"","overlay-gradient":""},"mobile":{"background-color":"","background-image":"","background-repeat":"repeat","background-position":"center center","background-size":"auto","background-attachment":"scroll","background-type":"","background-media":"","overlay-type":"","overlay-color":"","overlay-opacity":"","overlay-gradient":""}},"ast-content-background-meta":{"desktop":{"background-color":"var(--ast-global-color-5)","background-image":"","background-repeat":"repeat","background-position":"center center","background-size":"auto","background-attachment":"scroll","background-type":"","background-media":"","overlay-type":"","overlay-color":"","overlay-opacity":"","overlay-gradient":""},"tablet":{"background-color":"var(--ast-global-color-5)","background-image":"","background-repeat":"repeat","background-position":"center center","background-size":"auto","background-attachment":"scroll","background-type":"","background-media":"","overlay-type":"","overlay-color":"","overlay-opacity":"","overlay-gradient":""},"mobile":{"background-color":"var(--ast-global-color-5)","background-image":"","background-repeat":"repeat","background-position":"center center","background-size":"auto","background-attachment":"scroll","background-type":"","background-media":"","overlay-type":"","overlay-color":"","overlay-opacity":"","overlay-gradient":""}},"footnotes":""},"class_list":["post-2807","page","type-page","status-publish","hentry"],"yoast_head":"<!-- This site is optimized with the Yoast SEO plugin v27.0 - https:\/\/yoast.com\/product\/yoast-seo-wordpress\/ -->\n<title>Restaurarea patrimoniului - Ansamblul Agora Cisn\u0103dioara<\/title>\n<meta name=\"robots\" content=\"index, follow, max-snippet:-1, max-image-preview:large, max-video-preview:-1\" \/>\n<link rel=\"canonical\" href=\"https:\/\/agoracisnadioara.ro\/de\/cultural\/restaurare-patrimoniu\/\" \/>\n<meta property=\"og:locale\" content=\"de_DE\" \/>\n<meta property=\"og:type\" content=\"article\" \/>\n<meta property=\"og:title\" content=\"Restaurarea patrimoniului - Ansamblul Agora Cisn\u0103dioara\" \/>\n<meta property=\"og:description\" content=\"Restaurarea \u0219i conservarea patrimoniului material Casele din centrul localit\u0103\u021bii Cisn\u0103dioara se reg\u0103sesc \u00een cadrul Listei monumentelor istorice din Rom\u00e2nia, sub denumirea\u00a0 :\u00a0 Ansamblul rural \u201dCentrul istoric Cisn\u0103dioara\u201d, cod SB-II-a-A-12359, secolul XVIII-XIX, monument de importan\u021b\u0103 na\u021bional\u0103. Dat\u0103 fiind vechimea acestor case, reabilitarea lor a \u00eensemnat ample lucr\u0103ri de restaurare \u0219i conservare. Lucr\u0103rile de reabilitare au asigurat [&hellip;]\" \/>\n<meta property=\"og:url\" content=\"https:\/\/agoracisnadioara.ro\/de\/cultural\/restaurare-patrimoniu\/\" \/>\n<meta property=\"og:site_name\" content=\"Ansamblul Agora Cisn\u0103dioara\" \/>\n<meta property=\"article:publisher\" content=\"https:\/\/www.facebook.com\/AgoraCisnadioara\/\" \/>\n<meta property=\"article:modified_time\" content=\"2025-11-10T17:23:22+00:00\" \/>\n<meta property=\"og:image\" content=\"https:\/\/agoracisnadioara.ro\/wp-content\/uploads\/2025\/11\/IMG_8373.jpg\" \/>\n\t<meta property=\"og:image:width\" content=\"1200\" \/>\n\t<meta property=\"og:image:height\" content=\"1600\" \/>\n\t<meta property=\"og:image:type\" content=\"image\/jpeg\" \/>\n<meta name=\"twitter:card\" content=\"summary_large_image\" \/>\n<meta name=\"twitter:label1\" content=\"Gesch\u00e4tzte Lesezeit\" \/>\n\t<meta name=\"twitter:data1\" content=\"2\u00a0Minuten\" \/>\n<script type=\"application\/ld+json\" class=\"yoast-schema-graph\">{\"@context\":\"https:\/\/schema.org\",\"@graph\":[{\"@type\":\"WebPage\",\"@id\":\"https:\/\/agoracisnadioara.ro\/cultural\/restaurare-patrimoniu\/\",\"url\":\"https:\/\/agoracisnadioara.ro\/cultural\/restaurare-patrimoniu\/\",\"name\":\"Restaurarea patrimoniului - Ansamblul Agora Cisn\u0103dioara\",\"isPartOf\":{\"@id\":\"https:\/\/agoracisnadioara.ro\/#website\"},\"primaryImageOfPage\":{\"@id\":\"https:\/\/agoracisnadioara.ro\/cultural\/restaurare-patrimoniu\/#primaryimage\"},\"image\":{\"@id\":\"https:\/\/agoracisnadioara.ro\/cultural\/restaurare-patrimoniu\/#primaryimage\"},\"thumbnailUrl\":\"https:\/\/agoracisnadioara.ro\/wp-content\/uploads\/2025\/11\/IMG_8373.jpg\",\"datePublished\":\"2025-10-28T10:59:10+00:00\",\"dateModified\":\"2025-11-10T17:23:22+00:00\",\"breadcrumb\":{\"@id\":\"https:\/\/agoracisnadioara.ro\/cultural\/restaurare-patrimoniu\/#breadcrumb\"},\"inLanguage\":\"de\",\"potentialAction\":[{\"@type\":\"ReadAction\",\"target\":[\"https:\/\/agoracisnadioara.ro\/cultural\/restaurare-patrimoniu\/\"]}]},{\"@type\":\"ImageObject\",\"inLanguage\":\"de\",\"@id\":\"https:\/\/agoracisnadioara.ro\/cultural\/restaurare-patrimoniu\/#primaryimage\",\"url\":\"https:\/\/agoracisnadioara.ro\/wp-content\/uploads\/2025\/11\/IMG_8373.jpg\",\"contentUrl\":\"https:\/\/agoracisnadioara.ro\/wp-content\/uploads\/2025\/11\/IMG_8373.jpg\"},{\"@type\":\"BreadcrumbList\",\"@id\":\"https:\/\/agoracisnadioara.ro\/cultural\/restaurare-patrimoniu\/#breadcrumb\",\"itemListElement\":[{\"@type\":\"ListItem\",\"position\":1,\"name\":\"Prima pagin\u0103\",\"item\":\"https:\/\/agoracisnadioara.ro\/\"},{\"@type\":\"ListItem\",\"position\":2,\"name\":\"Cultural\",\"item\":\"https:\/\/agoracisnadioara.ro\/cultural\/\"},{\"@type\":\"ListItem\",\"position\":3,\"name\":\"Restaurarea patrimoniului\"}]},{\"@type\":\"WebSite\",\"@id\":\"https:\/\/agoracisnadioara.ro\/#website\",\"url\":\"https:\/\/agoracisnadioara.ro\/\",\"name\":\"Ansamblul Agora Cisn\u0103dioara\",\"description\":\"Oriunde mergi, g\u0103se\u0219ti BINELE!\",\"publisher\":{\"@id\":\"https:\/\/agoracisnadioara.ro\/#organization\"},\"potentialAction\":[{\"@type\":\"SearchAction\",\"target\":{\"@type\":\"EntryPoint\",\"urlTemplate\":\"https:\/\/agoracisnadioara.ro\/?s={search_term_string}\"},\"query-input\":{\"@type\":\"PropertyValueSpecification\",\"valueRequired\":true,\"valueName\":\"search_term_string\"}}],\"inLanguage\":\"de\"},{\"@type\":\"Organization\",\"@id\":\"https:\/\/agoracisnadioara.ro\/#organization\",\"name\":\"Ansamblul Agora Cisn\u0103dioara\",\"url\":\"https:\/\/agoracisnadioara.ro\/\",\"logo\":{\"@type\":\"ImageObject\",\"inLanguage\":\"de\",\"@id\":\"https:\/\/agoracisnadioara.ro\/#\/schema\/logo\/image\/\",\"url\":\"https:\/\/agoracisnadioara.ro\/wp-content\/uploads\/2023\/11\/color-extra.png\",\"contentUrl\":\"https:\/\/agoracisnadioara.ro\/wp-content\/uploads\/2023\/11\/color-extra.png\",\"width\":135,\"height\":171,\"caption\":\"Ansamblul Agora Cisn\u0103dioara\"},\"image\":{\"@id\":\"https:\/\/agoracisnadioara.ro\/#\/schema\/logo\/image\/\"},\"sameAs\":[\"https:\/\/www.facebook.com\/AgoraCisnadioara\/\"]}]}<\/script>\n<!-- \/ Yoast SEO plugin. -->","yoast_head_json":{"title":"Restaurarea patrimoniului - Ansamblul Agora Cisn\u0103dioara","robots":{"index":"index","follow":"follow","max-snippet":"max-snippet:-1","max-image-preview":"max-image-preview:large","max-video-preview":"max-video-preview:-1"},"canonical":"https:\/\/agoracisnadioara.ro\/de\/cultural\/restaurare-patrimoniu\/","og_locale":"de_DE","og_type":"article","og_title":"Restaurarea patrimoniului - Ansamblul Agora Cisn\u0103dioara","og_description":"Restaurarea \u0219i conservarea patrimoniului material Casele din centrul localit\u0103\u021bii Cisn\u0103dioara se reg\u0103sesc \u00een cadrul Listei monumentelor istorice din Rom\u00e2nia, sub denumirea\u00a0 :\u00a0 Ansamblul rural \u201dCentrul istoric Cisn\u0103dioara\u201d, cod SB-II-a-A-12359, secolul XVIII-XIX, monument de importan\u021b\u0103 na\u021bional\u0103. Dat\u0103 fiind vechimea acestor case, reabilitarea lor a \u00eensemnat ample lucr\u0103ri de restaurare \u0219i conservare. Lucr\u0103rile de reabilitare au asigurat [&hellip;]","og_url":"https:\/\/agoracisnadioara.ro\/de\/cultural\/restaurare-patrimoniu\/","og_site_name":"Ansamblul Agora Cisn\u0103dioara","article_publisher":"https:\/\/www.facebook.com\/AgoraCisnadioara\/","article_modified_time":"2025-11-10T17:23:22+00:00","og_image":[{"width":1200,"height":1600,"url":"https:\/\/agoracisnadioara.ro\/wp-content\/uploads\/2025\/11\/IMG_8373.jpg","type":"image\/jpeg"}],"twitter_card":"summary_large_image","twitter_misc":{"Gesch\u00e4tzte Lesezeit":"2\u00a0Minuten"},"schema":{"@context":"https:\/\/schema.org","@graph":[{"@type":"WebPage","@id":"https:\/\/agoracisnadioara.ro\/cultural\/restaurare-patrimoniu\/","url":"https:\/\/agoracisnadioara.ro\/cultural\/restaurare-patrimoniu\/","name":"Restaurarea patrimoniului - Ansamblul Agora Cisn\u0103dioara","isPartOf":{"@id":"https:\/\/agoracisnadioara.ro\/#website"},"primaryImageOfPage":{"@id":"https:\/\/agoracisnadioara.ro\/cultural\/restaurare-patrimoniu\/#primaryimage"},"image":{"@id":"https:\/\/agoracisnadioara.ro\/cultural\/restaurare-patrimoniu\/#primaryimage"},"thumbnailUrl":"https:\/\/agoracisnadioara.ro\/wp-content\/uploads\/2025\/11\/IMG_8373.jpg","datePublished":"2025-10-28T10:59:10+00:00","dateModified":"2025-11-10T17:23:22+00:00","breadcrumb":{"@id":"https:\/\/agoracisnadioara.ro\/cultural\/restaurare-patrimoniu\/#breadcrumb"},"inLanguage":"de","potentialAction":[{"@type":"ReadAction","target":["https:\/\/agoracisnadioara.ro\/cultural\/restaurare-patrimoniu\/"]}]},{"@type":"ImageObject","inLanguage":"de","@id":"https:\/\/agoracisnadioara.ro\/cultural\/restaurare-patrimoniu\/#primaryimage","url":"https:\/\/agoracisnadioara.ro\/wp-content\/uploads\/2025\/11\/IMG_8373.jpg","contentUrl":"https:\/\/agoracisnadioara.ro\/wp-content\/uploads\/2025\/11\/IMG_8373.jpg"},{"@type":"BreadcrumbList","@id":"https:\/\/agoracisnadioara.ro\/cultural\/restaurare-patrimoniu\/#breadcrumb","itemListElement":[{"@type":"ListItem","position":1,"name":"Prima pagin\u0103","item":"https:\/\/agoracisnadioara.ro\/"},{"@type":"ListItem","position":2,"name":"Cultural","item":"https:\/\/agoracisnadioara.ro\/cultural\/"},{"@type":"ListItem","position":3,"name":"Restaurarea patrimoniului"}]},{"@type":"WebSite","@id":"https:\/\/agoracisnadioara.ro\/#website","url":"https:\/\/agoracisnadioara.ro\/","name":"Ansamblul Agora Cisn\u0103dioara","description":"Oriunde mergi, g\u0103se\u0219ti BINELE!","publisher":{"@id":"https:\/\/agoracisnadioara.ro\/#organization"},"potentialAction":[{"@type":"SearchAction","target":{"@type":"EntryPoint","urlTemplate":"https:\/\/agoracisnadioara.ro\/?s={search_term_string}"},"query-input":{"@type":"PropertyValueSpecification","valueRequired":true,"valueName":"search_term_string"}}],"inLanguage":"de"},{"@type":"Organization","@id":"https:\/\/agoracisnadioara.ro\/#organization","name":"Ansamblul Agora Cisn\u0103dioara","url":"https:\/\/agoracisnadioara.ro\/","logo":{"@type":"ImageObject","inLanguage":"de","@id":"https:\/\/agoracisnadioara.ro\/#\/schema\/logo\/image\/","url":"https:\/\/agoracisnadioara.ro\/wp-content\/uploads\/2023\/11\/color-extra.png","contentUrl":"https:\/\/agoracisnadioara.ro\/wp-content\/uploads\/2023\/11\/color-extra.png","width":135,"height":171,"caption":"Ansamblul Agora Cisn\u0103dioara"},"image":{"@id":"https:\/\/agoracisnadioara.ro\/#\/schema\/logo\/image\/"},"sameAs":["https:\/\/www.facebook.com\/AgoraCisnadioara\/"]}]}},"uagb_featured_image_src":{"full":false,"thumbnail":false,"medium":false,"medium_large":false,"large":false,"1536x1536":false,"2048x2048":false,"trp-custom-language-flag":false},"uagb_author_info":{"display_name":"Diana","author_link":"https:\/\/agoracisnadioara.ro\/de\/author\/diana\/"},"uagb_comment_info":0,"uagb_excerpt":"Restaurarea \u0219i conservarea patrimoniului material Casele din centrul localit\u0103\u021bii Cisn\u0103dioara se reg\u0103sesc \u00een cadrul Listei monumentelor istorice din Rom\u00e2nia, sub denumirea\u00a0 :\u00a0 Ansamblul rural \u201dCentrul istoric Cisn\u0103dioara\u201d, cod SB-II-a-A-12359, secolul XVIII-XIX, monument de importan\u021b\u0103 na\u021bional\u0103. Dat\u0103 fiind vechimea acestor case, reabilitarea lor a \u00eensemnat ample lucr\u0103ri de restaurare \u0219i conservare. Lucr\u0103rile de reabilitare au asigurat&hellip;","_links":{"self":[{"href":"https:\/\/agoracisnadioara.ro\/de\/wp-json\/wp\/v2\/pages\/2807","targetHints":{"allow":["GET"]}}],"collection":[{"href":"https:\/\/agoracisnadioara.ro\/de\/wp-json\/wp\/v2\/pages"}],"about":[{"href":"https:\/\/agoracisnadioara.ro\/de\/wp-json\/wp\/v2\/types\/page"}],"author":[{"embeddable":true,"href":"https:\/\/agoracisnadioara.ro\/de\/wp-json\/wp\/v2\/users\/1"}],"replies":[{"embeddable":true,"href":"https:\/\/agoracisnadioara.ro\/de\/wp-json\/wp\/v2\/comments?post=2807"}],"version-history":[{"count":20,"href":"https:\/\/agoracisnadioara.ro\/de\/wp-json\/wp\/v2\/pages\/2807\/revisions"}],"predecessor-version":[{"id":4170,"href":"https:\/\/agoracisnadioara.ro\/de\/wp-json\/wp\/v2\/pages\/2807\/revisions\/4170"}],"up":[{"embeddable":true,"href":"https:\/\/agoracisnadioara.ro\/de\/wp-json\/wp\/v2\/pages\/2034"}],"wp:attachment":[{"href":"https:\/\/agoracisnadioara.ro\/de\/wp-json\/wp\/v2\/media?parent=2807"}],"curies":[{"name":"wp","href":"https:\/\/api.w.org\/{rel}","templated":true}]}}