{"id":2838,"date":"2025-10-28T13:12:42","date_gmt":"2025-10-28T11:12:42","guid":{"rendered":"https:\/\/agoracisnadioara.ro\/?page_id=2838"},"modified":"2025-11-04T16:55:52","modified_gmt":"2025-11-04T14:55:52","slug":"agora-youth-club-2026","status":"publish","type":"page","link":"https:\/\/agoracisnadioara.ro\/de\/educational\/agora-youth-club-2026\/","title":{"rendered":"Agora Youth Club 2026"},"content":{"rendered":"<div data-elementor-type=\"wp-page\" data-elementor-id=\"2838\" class=\"elementor elementor-2838\" data-elementor-post-type=\"page\">\n\t\t\t\t<div class=\"elementor-element elementor-element-632a7fa e-flex e-con-boxed e-con e-parent\" data-id=\"632a7fa\" data-element_type=\"container\" data-settings=\"{&quot;background_background&quot;:&quot;classic&quot;}\">\n\t\t\t\t\t<div class=\"e-con-inner\">\n\t\t<div class=\"elementor-element elementor-element-868c7c6 e-con-full e-flex e-con e-child\" data-id=\"868c7c6\" data-element_type=\"container\">\n\t\t\t\t<div class=\"elementor-element elementor-element-735da12 elementor-widget elementor-widget-heading\" data-id=\"735da12\" data-element_type=\"widget\" data-widget_type=\"heading.default\">\n\t\t\t\t<div class=\"elementor-widget-container\">\n\t\t\t\t\t<h1 class=\"elementor-heading-title elementor-size-default\">Agora Youth Club 2026<\/h1>\t\t\t\t<\/div>\n\t\t\t\t<\/div>\n\t\t\t\t<\/div>\n\t\t\t\t\t<\/div>\n\t\t\t\t<\/div>\n\t\t<div class=\"elementor-element elementor-element-a7cfe3b e-flex e-con-boxed e-con e-parent\" data-id=\"a7cfe3b\" data-element_type=\"container\" data-settings=\"{&quot;background_background&quot;:&quot;classic&quot;}\">\n\t\t\t\t\t<div class=\"e-con-inner\">\n\t\t<div class=\"elementor-element elementor-element-a2a580a e-con-full e-flex e-con e-child\" data-id=\"a2a580a\" data-element_type=\"container\">\n\t\t\t\t<div class=\"elementor-element elementor-element-9d503ff elementor-widget elementor-widget-text-editor\" data-id=\"9d503ff\" data-element_type=\"widget\" data-widget_type=\"text-editor.default\">\n\t\t\t\t<div class=\"elementor-widget-container\">\n\t\t\t\t\t\t\t\t\t<p>Ab 2026 entwickelt sich die Agora Sommerschule zum Agora Youth Club weiter. Dieses Programm richtet sich an Jugendliche und verbindet Entspannung mit pers\u00f6nlicher Selbstfindung. Der Klub bietet kreative Aktivit\u00e4ten, Sport und Bewegung im Freien, Workshops zur Pers\u00f6nlichkeitsentwicklung und Orientierung f\u00fcr die Zukunft.&nbsp;<\/p>\n<p><span style=\"font-style: inherit; font-weight: inherit;\">Der Agora Youth Club ist ein Ort, an dem Kinder ihre Leidenschaften entdecken, neue Freunde finden und Selbstvertrauen aufbauen k\u00f6nnen \u2013 in einer sicheren und freundlichen Umgebung, umgeben von Natur.<\/span><\/p>\n<p>Agora Youth Club 2026 , ein neues Bildungsprojekt, das vom Anchor Point-Team entwickelt wurde. Ein junges und  ehrgeiziges Team, das sich auch um die Gestaltung der R\u00e4umlichkeiten f\u00fcr dieses Projekt k\u00fcmmern wird.<\/p>\t\t\t\t\t\t\t\t<\/div>\n\t\t\t\t<\/div>\n\t\t\t\t<\/div>\n\t\t<div class=\"elementor-element elementor-element-c362188 e-con-full e-flex e-con e-child\" data-id=\"c362188\" data-element_type=\"container\">\n\t\t\t\t<div class=\"elementor-element elementor-element-ec2ef96 elementor-widget__width-initial elementor-widget elementor-widget-image\" data-id=\"ec2ef96\" data-element_type=\"widget\" data-widget_type=\"image.default\">\n\t\t\t\t<div class=\"elementor-widget-container\">\n\t\t\t\t\t\t\t\t\t\t\t\t\t\t\t<img fetchpriority=\"high\" decoding=\"async\" width=\"1200\" height=\"1600\" src=\"https:\/\/agoracisnadioara.ro\/wp-content\/uploads\/2025\/11\/4824db12-98fa-4b8e-98ce-12149a55f396.jpg\" class=\"attachment-full size-full wp-image-3247\" alt=\"\" srcset=\"https:\/\/agoracisnadioara.ro\/wp-content\/uploads\/2025\/11\/4824db12-98fa-4b8e-98ce-12149a55f396.jpg 1200w, https:\/\/agoracisnadioara.ro\/wp-content\/uploads\/2025\/11\/4824db12-98fa-4b8e-98ce-12149a55f396-225x300.jpg 225w, https:\/\/agoracisnadioara.ro\/wp-content\/uploads\/2025\/11\/4824db12-98fa-4b8e-98ce-12149a55f396-768x1024.jpg 768w, https:\/\/agoracisnadioara.ro\/wp-content\/uploads\/2025\/11\/4824db12-98fa-4b8e-98ce-12149a55f396-1152x1536.jpg 1152w\" sizes=\"(max-width: 1200px) 100vw, 1200px\" \/>\t\t\t\t\t\t\t\t\t\t\t\t\t\t\t<\/div>\n\t\t\t\t<\/div>\n\t\t\t\t<\/div>\n\t\t\t\t\t<\/div>\n\t\t\t\t<\/div>\n\t\t\t\t<\/div>","protected":false},"excerpt":{"rendered":"<p>Agora Youth Club 2026 Din anul 2026, \u0218coala de Var\u0103 Agora evolueaz\u0103 \u0219i devine Agora Youth Club \u2013 un program dedicat adolescen\u021bilor care \u00eembin\u0103 relaxarea cu descoperirea personal\u0103. Clubul ofer\u0103 activit\u0103\u021bi creative, sport \u0219i mi\u0219care \u00een aer liber, ateliere de dezvoltare personal\u0103 \u0219i orientare pentru viitor.&nbsp; Agora Youth Club este locul unde copiii \u0219i adolescen\u021bii [&hellip;]<\/p>","protected":false},"author":1,"featured_media":0,"parent":2824,"menu_order":0,"comment_status":"closed","ping_status":"closed","template":"","meta":{"_uag_custom_page_level_css":"","site-sidebar-layout":"no-sidebar","site-content-layout":"page-builder","ast-site-content-layout":"default","site-content-style":"default","site-sidebar-style":"default","ast-global-header-display":"","ast-banner-title-visibility":"","ast-main-header-display":"","ast-hfb-above-header-display":"","ast-hfb-below-header-display":"","ast-hfb-mobile-header-display":"","site-post-title":"disabled","ast-breadcrumbs-content":"","ast-featured-img":"","footer-sml-layout":"","theme-transparent-header-meta":"default","adv-header-id-meta":"","stick-header-meta":"","header-above-stick-meta":"","header-main-stick-meta":"","header-below-stick-meta":"","astra-migrate-meta-layouts":"default","ast-page-background-enabled":"default","ast-page-background-meta":{"desktop":{"background-color":"var(--ast-global-color-4)","background-image":"","background-repeat":"repeat","background-position":"center center","background-size":"auto","background-attachment":"scroll","background-type":"","background-media":"","overlay-type":"","overlay-color":"","overlay-opacity":"","overlay-gradient":""},"tablet":{"background-color":"","background-image":"","background-repeat":"repeat","background-position":"center center","background-size":"auto","background-attachment":"scroll","background-type":"","background-media":"","overlay-type":"","overlay-color":"","overlay-opacity":"","overlay-gradient":""},"mobile":{"background-color":"","background-image":"","background-repeat":"repeat","background-position":"center center","background-size":"auto","background-attachment":"scroll","background-type":"","background-media":"","overlay-type":"","overlay-color":"","overlay-opacity":"","overlay-gradient":""}},"ast-content-background-meta":{"desktop":{"background-color":"var(--ast-global-color-5)","background-image":"","background-repeat":"repeat","background-position":"center center","background-size":"auto","background-attachment":"scroll","background-type":"","background-media":"","overlay-type":"","overlay-color":"","overlay-opacity":"","overlay-gradient":""},"tablet":{"background-color":"var(--ast-global-color-5)","background-image":"","background-repeat":"repeat","background-position":"center center","background-size":"auto","background-attachment":"scroll","background-type":"","background-media":"","overlay-type":"","overlay-color":"","overlay-opacity":"","overlay-gradient":""},"mobile":{"background-color":"var(--ast-global-color-5)","background-image":"","background-repeat":"repeat","background-position":"center center","background-size":"auto","background-attachment":"scroll","background-type":"","background-media":"","overlay-type":"","overlay-color":"","overlay-opacity":"","overlay-gradient":""}},"footnotes":""},"class_list":["post-2838","page","type-page","status-publish","hentry"],"yoast_head":"<!-- This site is optimized with the Yoast SEO plugin v27.0 - https:\/\/yoast.com\/product\/yoast-seo-wordpress\/ -->\n<title>Agora Youth Club 2026 - Ansamblul Agora Cisn\u0103dioara<\/title>\n<meta name=\"robots\" content=\"index, follow, max-snippet:-1, max-image-preview:large, max-video-preview:-1\" \/>\n<link rel=\"canonical\" href=\"https:\/\/agoracisnadioara.ro\/de\/educational\/agora-youth-club-2026\/\" \/>\n<meta property=\"og:locale\" content=\"de_DE\" \/>\n<meta property=\"og:type\" content=\"article\" \/>\n<meta property=\"og:title\" content=\"Agora Youth Club 2026 - Ansamblul Agora Cisn\u0103dioara\" \/>\n<meta property=\"og:description\" content=\"Agora Youth Club 2026 Din anul 2026, \u0218coala de Var\u0103 Agora evolueaz\u0103 \u0219i devine Agora Youth Club \u2013 un program dedicat adolescen\u021bilor care \u00eembin\u0103 relaxarea cu descoperirea personal\u0103. Clubul ofer\u0103 activit\u0103\u021bi creative, sport \u0219i mi\u0219care \u00een aer liber, ateliere de dezvoltare personal\u0103 \u0219i orientare pentru viitor.&nbsp; Agora Youth Club este locul unde copiii \u0219i adolescen\u021bii [&hellip;]\" \/>\n<meta property=\"og:url\" content=\"https:\/\/agoracisnadioara.ro\/de\/educational\/agora-youth-club-2026\/\" \/>\n<meta property=\"og:site_name\" content=\"Ansamblul Agora Cisn\u0103dioara\" \/>\n<meta property=\"article:publisher\" content=\"https:\/\/www.facebook.com\/AgoraCisnadioara\/\" \/>\n<meta property=\"article:modified_time\" content=\"2025-11-04T14:55:52+00:00\" \/>\n<meta property=\"og:image\" content=\"https:\/\/agoracisnadioara.ro\/wp-content\/uploads\/2025\/11\/4824db12-98fa-4b8e-98ce-12149a55f396.jpg\" \/>\n\t<meta property=\"og:image:width\" content=\"1200\" \/>\n\t<meta property=\"og:image:height\" content=\"1600\" \/>\n\t<meta property=\"og:image:type\" content=\"image\/jpeg\" \/>\n<meta name=\"twitter:card\" content=\"summary_large_image\" \/>\n<meta name=\"twitter:label1\" content=\"Gesch\u00e4tzte Lesezeit\" \/>\n\t<meta name=\"twitter:data1\" content=\"2\u00a0Minuten\" \/>\n<script type=\"application\/ld+json\" class=\"yoast-schema-graph\">{\"@context\":\"https:\/\/schema.org\",\"@graph\":[{\"@type\":\"WebPage\",\"@id\":\"https:\/\/agoracisnadioara.ro\/educational\/agora-youth-club-2026\/\",\"url\":\"https:\/\/agoracisnadioara.ro\/educational\/agora-youth-club-2026\/\",\"name\":\"Agora Youth Club 2026 - Ansamblul Agora Cisn\u0103dioara\",\"isPartOf\":{\"@id\":\"https:\/\/agoracisnadioara.ro\/#website\"},\"primaryImageOfPage\":{\"@id\":\"https:\/\/agoracisnadioara.ro\/educational\/agora-youth-club-2026\/#primaryimage\"},\"image\":{\"@id\":\"https:\/\/agoracisnadioara.ro\/educational\/agora-youth-club-2026\/#primaryimage\"},\"thumbnailUrl\":\"https:\/\/agoracisnadioara.ro\/wp-content\/uploads\/2025\/11\/4824db12-98fa-4b8e-98ce-12149a55f396.jpg\",\"datePublished\":\"2025-10-28T11:12:42+00:00\",\"dateModified\":\"2025-11-04T14:55:52+00:00\",\"breadcrumb\":{\"@id\":\"https:\/\/agoracisnadioara.ro\/educational\/agora-youth-club-2026\/#breadcrumb\"},\"inLanguage\":\"de\",\"potentialAction\":[{\"@type\":\"ReadAction\",\"target\":[\"https:\/\/agoracisnadioara.ro\/educational\/agora-youth-club-2026\/\"]}]},{\"@type\":\"ImageObject\",\"inLanguage\":\"de\",\"@id\":\"https:\/\/agoracisnadioara.ro\/educational\/agora-youth-club-2026\/#primaryimage\",\"url\":\"https:\/\/agoracisnadioara.ro\/wp-content\/uploads\/2025\/11\/4824db12-98fa-4b8e-98ce-12149a55f396.jpg\",\"contentUrl\":\"https:\/\/agoracisnadioara.ro\/wp-content\/uploads\/2025\/11\/4824db12-98fa-4b8e-98ce-12149a55f396.jpg\"},{\"@type\":\"BreadcrumbList\",\"@id\":\"https:\/\/agoracisnadioara.ro\/educational\/agora-youth-club-2026\/#breadcrumb\",\"itemListElement\":[{\"@type\":\"ListItem\",\"position\":1,\"name\":\"Prima pagin\u0103\",\"item\":\"https:\/\/agoracisnadioara.ro\/\"},{\"@type\":\"ListItem\",\"position\":2,\"name\":\"Educa\u021bional\",\"item\":\"https:\/\/agoracisnadioara.ro\/educational\/\"},{\"@type\":\"ListItem\",\"position\":3,\"name\":\"Agora Youth Club 2026\"}]},{\"@type\":\"WebSite\",\"@id\":\"https:\/\/agoracisnadioara.ro\/#website\",\"url\":\"https:\/\/agoracisnadioara.ro\/\",\"name\":\"Ansamblul Agora Cisn\u0103dioara\",\"description\":\"Oriunde mergi, g\u0103se\u0219ti BINELE!\",\"publisher\":{\"@id\":\"https:\/\/agoracisnadioara.ro\/#organization\"},\"potentialAction\":[{\"@type\":\"SearchAction\",\"target\":{\"@type\":\"EntryPoint\",\"urlTemplate\":\"https:\/\/agoracisnadioara.ro\/?s={search_term_string}\"},\"query-input\":{\"@type\":\"PropertyValueSpecification\",\"valueRequired\":true,\"valueName\":\"search_term_string\"}}],\"inLanguage\":\"de\"},{\"@type\":\"Organization\",\"@id\":\"https:\/\/agoracisnadioara.ro\/#organization\",\"name\":\"Ansamblul Agora Cisn\u0103dioara\",\"url\":\"https:\/\/agoracisnadioara.ro\/\",\"logo\":{\"@type\":\"ImageObject\",\"inLanguage\":\"de\",\"@id\":\"https:\/\/agoracisnadioara.ro\/#\/schema\/logo\/image\/\",\"url\":\"https:\/\/agoracisnadioara.ro\/wp-content\/uploads\/2023\/11\/color-extra.png\",\"contentUrl\":\"https:\/\/agoracisnadioara.ro\/wp-content\/uploads\/2023\/11\/color-extra.png\",\"width\":135,\"height\":171,\"caption\":\"Ansamblul Agora Cisn\u0103dioara\"},\"image\":{\"@id\":\"https:\/\/agoracisnadioara.ro\/#\/schema\/logo\/image\/\"},\"sameAs\":[\"https:\/\/www.facebook.com\/AgoraCisnadioara\/\"]}]}<\/script>\n<!-- \/ Yoast SEO plugin. -->","yoast_head_json":{"title":"Agora Youth Club 2026 - Ansamblul Agora Cisn\u0103dioara","robots":{"index":"index","follow":"follow","max-snippet":"max-snippet:-1","max-image-preview":"max-image-preview:large","max-video-preview":"max-video-preview:-1"},"canonical":"https:\/\/agoracisnadioara.ro\/de\/educational\/agora-youth-club-2026\/","og_locale":"de_DE","og_type":"article","og_title":"Agora Youth Club 2026 - Ansamblul Agora Cisn\u0103dioara","og_description":"Agora Youth Club 2026 Din anul 2026, \u0218coala de Var\u0103 Agora evolueaz\u0103 \u0219i devine Agora Youth Club \u2013 un program dedicat adolescen\u021bilor care \u00eembin\u0103 relaxarea cu descoperirea personal\u0103. Clubul ofer\u0103 activit\u0103\u021bi creative, sport \u0219i mi\u0219care \u00een aer liber, ateliere de dezvoltare personal\u0103 \u0219i orientare pentru viitor.&nbsp; Agora Youth Club este locul unde copiii \u0219i adolescen\u021bii [&hellip;]","og_url":"https:\/\/agoracisnadioara.ro\/de\/educational\/agora-youth-club-2026\/","og_site_name":"Ansamblul Agora Cisn\u0103dioara","article_publisher":"https:\/\/www.facebook.com\/AgoraCisnadioara\/","article_modified_time":"2025-11-04T14:55:52+00:00","og_image":[{"width":1200,"height":1600,"url":"https:\/\/agoracisnadioara.ro\/wp-content\/uploads\/2025\/11\/4824db12-98fa-4b8e-98ce-12149a55f396.jpg","type":"image\/jpeg"}],"twitter_card":"summary_large_image","twitter_misc":{"Gesch\u00e4tzte Lesezeit":"2\u00a0Minuten"},"schema":{"@context":"https:\/\/schema.org","@graph":[{"@type":"WebPage","@id":"https:\/\/agoracisnadioara.ro\/educational\/agora-youth-club-2026\/","url":"https:\/\/agoracisnadioara.ro\/educational\/agora-youth-club-2026\/","name":"Agora Youth Club 2026 - Ansamblul Agora Cisn\u0103dioara","isPartOf":{"@id":"https:\/\/agoracisnadioara.ro\/#website"},"primaryImageOfPage":{"@id":"https:\/\/agoracisnadioara.ro\/educational\/agora-youth-club-2026\/#primaryimage"},"image":{"@id":"https:\/\/agoracisnadioara.ro\/educational\/agora-youth-club-2026\/#primaryimage"},"thumbnailUrl":"https:\/\/agoracisnadioara.ro\/wp-content\/uploads\/2025\/11\/4824db12-98fa-4b8e-98ce-12149a55f396.jpg","datePublished":"2025-10-28T11:12:42+00:00","dateModified":"2025-11-04T14:55:52+00:00","breadcrumb":{"@id":"https:\/\/agoracisnadioara.ro\/educational\/agora-youth-club-2026\/#breadcrumb"},"inLanguage":"de","potentialAction":[{"@type":"ReadAction","target":["https:\/\/agoracisnadioara.ro\/educational\/agora-youth-club-2026\/"]}]},{"@type":"ImageObject","inLanguage":"de","@id":"https:\/\/agoracisnadioara.ro\/educational\/agora-youth-club-2026\/#primaryimage","url":"https:\/\/agoracisnadioara.ro\/wp-content\/uploads\/2025\/11\/4824db12-98fa-4b8e-98ce-12149a55f396.jpg","contentUrl":"https:\/\/agoracisnadioara.ro\/wp-content\/uploads\/2025\/11\/4824db12-98fa-4b8e-98ce-12149a55f396.jpg"},{"@type":"BreadcrumbList","@id":"https:\/\/agoracisnadioara.ro\/educational\/agora-youth-club-2026\/#breadcrumb","itemListElement":[{"@type":"ListItem","position":1,"name":"Prima pagin\u0103","item":"https:\/\/agoracisnadioara.ro\/"},{"@type":"ListItem","position":2,"name":"Educa\u021bional","item":"https:\/\/agoracisnadioara.ro\/educational\/"},{"@type":"ListItem","position":3,"name":"Agora Youth Club 2026"}]},{"@type":"WebSite","@id":"https:\/\/agoracisnadioara.ro\/#website","url":"https:\/\/agoracisnadioara.ro\/","name":"Ansamblul Agora Cisn\u0103dioara","description":"Oriunde mergi, g\u0103se\u0219ti BINELE!","publisher":{"@id":"https:\/\/agoracisnadioara.ro\/#organization"},"potentialAction":[{"@type":"SearchAction","target":{"@type":"EntryPoint","urlTemplate":"https:\/\/agoracisnadioara.ro\/?s={search_term_string}"},"query-input":{"@type":"PropertyValueSpecification","valueRequired":true,"valueName":"search_term_string"}}],"inLanguage":"de"},{"@type":"Organization","@id":"https:\/\/agoracisnadioara.ro\/#organization","name":"Ansamblul Agora Cisn\u0103dioara","url":"https:\/\/agoracisnadioara.ro\/","logo":{"@type":"ImageObject","inLanguage":"de","@id":"https:\/\/agoracisnadioara.ro\/#\/schema\/logo\/image\/","url":"https:\/\/agoracisnadioara.ro\/wp-content\/uploads\/2023\/11\/color-extra.png","contentUrl":"https:\/\/agoracisnadioara.ro\/wp-content\/uploads\/2023\/11\/color-extra.png","width":135,"height":171,"caption":"Ansamblul Agora Cisn\u0103dioara"},"image":{"@id":"https:\/\/agoracisnadioara.ro\/#\/schema\/logo\/image\/"},"sameAs":["https:\/\/www.facebook.com\/AgoraCisnadioara\/"]}]}},"uagb_featured_image_src":{"full":false,"thumbnail":false,"medium":false,"medium_large":false,"large":false,"1536x1536":false,"2048x2048":false,"trp-custom-language-flag":false},"uagb_author_info":{"display_name":"Diana","author_link":"https:\/\/agoracisnadioara.ro\/de\/author\/diana\/"},"uagb_comment_info":0,"uagb_excerpt":"Agora Youth Club 2026 Din anul 2026, \u0218coala de Var\u0103 Agora evolueaz\u0103 \u0219i devine Agora Youth Club \u2013 un program dedicat adolescen\u021bilor care \u00eembin\u0103 relaxarea cu descoperirea personal\u0103. Clubul ofer\u0103 activit\u0103\u021bi creative, sport \u0219i mi\u0219care \u00een aer liber, ateliere de dezvoltare personal\u0103 \u0219i orientare pentru viitor.&nbsp; Agora Youth Club este locul unde copiii \u0219i adolescen\u021bii&hellip;","_links":{"self":[{"href":"https:\/\/agoracisnadioara.ro\/de\/wp-json\/wp\/v2\/pages\/2838","targetHints":{"allow":["GET"]}}],"collection":[{"href":"https:\/\/agoracisnadioara.ro\/de\/wp-json\/wp\/v2\/pages"}],"about":[{"href":"https:\/\/agoracisnadioara.ro\/de\/wp-json\/wp\/v2\/types\/page"}],"author":[{"embeddable":true,"href":"https:\/\/agoracisnadioara.ro\/de\/wp-json\/wp\/v2\/users\/1"}],"replies":[{"embeddable":true,"href":"https:\/\/agoracisnadioara.ro\/de\/wp-json\/wp\/v2\/comments?post=2838"}],"version-history":[{"count":14,"href":"https:\/\/agoracisnadioara.ro\/de\/wp-json\/wp\/v2\/pages\/2838\/revisions"}],"predecessor-version":[{"id":3727,"href":"https:\/\/agoracisnadioara.ro\/de\/wp-json\/wp\/v2\/pages\/2838\/revisions\/3727"}],"up":[{"embeddable":true,"href":"https:\/\/agoracisnadioara.ro\/de\/wp-json\/wp\/v2\/pages\/2824"}],"wp:attachment":[{"href":"https:\/\/agoracisnadioara.ro\/de\/wp-json\/wp\/v2\/media?parent=2838"}],"curies":[{"name":"wp","href":"https:\/\/api.w.org\/{rel}","templated":true}]}}