{"id":2855,"date":"2025-10-28T14:54:51","date_gmt":"2025-10-28T12:54:51","guid":{"rendered":"https:\/\/agoracisnadioara.ro\/?page_id=2855"},"modified":"2025-11-02T19:24:28","modified_gmt":"2025-11-02T17:24:28","slug":"parcul-si-locul-de-joaca-agora","status":"publish","type":"page","link":"https:\/\/agoracisnadioara.ro\/de\/ecosistem\/parcul-si-locul-de-joaca-agora\/","title":{"rendered":"Agora-Park"},"content":{"rendered":"<div data-elementor-type=\"wp-page\" data-elementor-id=\"2855\" class=\"elementor elementor-2855\" data-elementor-post-type=\"page\">\n\t\t\t\t<div class=\"elementor-element elementor-element-632a7fa e-flex e-con-boxed e-con e-parent\" data-id=\"632a7fa\" data-element_type=\"container\" data-settings=\"{&quot;background_background&quot;:&quot;classic&quot;}\">\n\t\t\t\t\t<div class=\"e-con-inner\">\n\t\t<div class=\"elementor-element elementor-element-868c7c6 e-con-full e-flex e-con e-child\" data-id=\"868c7c6\" data-element_type=\"container\">\n\t\t\t\t<div class=\"elementor-element elementor-element-735da12 elementor-widget elementor-widget-heading\" data-id=\"735da12\" data-element_type=\"widget\" data-widget_type=\"heading.default\">\n\t\t\t\t<div class=\"elementor-widget-container\">\n\t\t\t\t\t<h1 class=\"elementor-heading-title elementor-size-default\">Agora-Park<\/h1>\t\t\t\t<\/div>\n\t\t\t\t<\/div>\n\t\t\t\t<\/div>\n\t\t\t\t\t<\/div>\n\t\t\t\t<\/div>\n\t\t<div class=\"elementor-element elementor-element-a7cfe3b e-flex e-con-boxed e-con e-parent\" data-id=\"a7cfe3b\" data-element_type=\"container\" data-settings=\"{&quot;background_background&quot;:&quot;classic&quot;}\">\n\t\t\t\t\t<div class=\"e-con-inner\">\n\t\t<div class=\"elementor-element elementor-element-a2a580a e-con-full e-flex e-con e-child\" data-id=\"a2a580a\" data-element_type=\"container\">\n\t\t\t\t<div class=\"elementor-element elementor-element-fb74471 elementor-widget elementor-widget-heading\" data-id=\"fb74471\" data-element_type=\"widget\" data-widget_type=\"heading.default\">\n\t\t\t\t<div class=\"elementor-widget-container\">\n\t\t\t\t\t<h2 class=\"elementor-heading-title elementor-size-default\">Der Traumgarten der Kinder<\/h2>\t\t\t\t<\/div>\n\t\t\t\t<\/div>\n\t\t\t\t<div class=\"elementor-element elementor-element-9d503ff elementor-widget elementor-widget-text-editor\" data-id=\"9d503ff\" data-element_type=\"widget\" data-widget_type=\"text-editor.default\">\n\t\t\t\t<div class=\"elementor-widget-container\">\n\t\t\t\t\t\t\t\t\t<p>Das Projekt Agora-Park mit seinem integrierten Spielplatz wurde von der deutschen Firma <strong>Natur!strategen<\/strong> angelegt. Es ist eine Wiesenlandschaft, die im Laufe der Zeit durch die \u201eBioplastizit\u00e4t\u201d der Umgebung \u201eWurzeln\u201d schl\u00e4gt und zu einem echten \u00d6kosystem wird.<\/p><p>Wilde Blumen, Wasser, bl\u00fchende B\u00e4ume, viele Bienen und Schmetterlinge!<\/p>\t\t\t\t\t\t\t\t<\/div>\n\t\t\t\t<\/div>\n\t\t\t\t<\/div>\n\t\t<div class=\"elementor-element elementor-element-c362188 e-con-full e-flex e-con e-child\" data-id=\"c362188\" data-element_type=\"container\">\n\t\t\t\t<div class=\"elementor-element elementor-element-ec2ef96 elementor-widget__width-initial elementor-widget elementor-widget-image\" data-id=\"ec2ef96\" data-element_type=\"widget\" data-widget_type=\"image.default\">\n\t\t\t\t<div class=\"elementor-widget-container\">\n\t\t\t\t\t\t\t\t\t\t\t\t\t\t\t<img fetchpriority=\"high\" decoding=\"async\" width=\"1707\" height=\"2560\" src=\"https:\/\/agoracisnadioara.ro\/wp-content\/uploads\/2025\/11\/IMG_1548-2-scaled.jpg\" class=\"attachment-full size-full wp-image-3325\" alt=\"\" srcset=\"https:\/\/agoracisnadioara.ro\/wp-content\/uploads\/2025\/11\/IMG_1548-2-scaled.jpg 1707w, https:\/\/agoracisnadioara.ro\/wp-content\/uploads\/2025\/11\/IMG_1548-2-200x300.jpg 200w, https:\/\/agoracisnadioara.ro\/wp-content\/uploads\/2025\/11\/IMG_1548-2-683x1024.jpg 683w, https:\/\/agoracisnadioara.ro\/wp-content\/uploads\/2025\/11\/IMG_1548-2-768x1152.jpg 768w, https:\/\/agoracisnadioara.ro\/wp-content\/uploads\/2025\/11\/IMG_1548-2-1024x1536.jpg 1024w, https:\/\/agoracisnadioara.ro\/wp-content\/uploads\/2025\/11\/IMG_1548-2-1365x2048.jpg 1365w\" sizes=\"(max-width: 1707px) 100vw, 1707px\" \/>\t\t\t\t\t\t\t\t\t\t\t\t\t\t\t<\/div>\n\t\t\t\t<\/div>\n\t\t\t\t<\/div>\n\t\t\t\t\t<\/div>\n\t\t\t\t<\/div>\n\t\t<div class=\"elementor-element elementor-element-d2abfbb e-grid e-con-boxed e-con e-parent\" data-id=\"d2abfbb\" data-element_type=\"container\">\n\t\t\t\t\t<div class=\"e-con-inner\">\n\t\t\t\t<div class=\"elementor-element elementor-element-a75a2c6 elementor-widget elementor-widget-image\" data-id=\"a75a2c6\" data-element_type=\"widget\" data-widget_type=\"image.default\">\n\t\t\t\t<div class=\"elementor-widget-container\">\n\t\t\t\t\t\t\t\t\t\t\t\t\t\t\t<img decoding=\"async\" width=\"683\" height=\"1024\" src=\"https:\/\/agoracisnadioara.ro\/wp-content\/uploads\/2025\/11\/IMG_1554-683x1024.jpg\" class=\"attachment-large size-large wp-image-3331\" alt=\"\" srcset=\"https:\/\/agoracisnadioara.ro\/wp-content\/uploads\/2025\/11\/IMG_1554-683x1024.jpg 683w, https:\/\/agoracisnadioara.ro\/wp-content\/uploads\/2025\/11\/IMG_1554-200x300.jpg 200w, https:\/\/agoracisnadioara.ro\/wp-content\/uploads\/2025\/11\/IMG_1554-768x1152.jpg 768w, https:\/\/agoracisnadioara.ro\/wp-content\/uploads\/2025\/11\/IMG_1554-1024x1536.jpg 1024w, https:\/\/agoracisnadioara.ro\/wp-content\/uploads\/2025\/11\/IMG_1554-1365x2048.jpg 1365w, https:\/\/agoracisnadioara.ro\/wp-content\/uploads\/2025\/11\/IMG_1554-scaled.jpg 1707w\" sizes=\"(max-width: 683px) 100vw, 683px\" \/>\t\t\t\t\t\t\t\t\t\t\t\t\t\t\t<\/div>\n\t\t\t\t<\/div>\n\t\t\t\t<div class=\"elementor-element elementor-element-9a1875e elementor-widget elementor-widget-image\" data-id=\"9a1875e\" data-element_type=\"widget\" data-widget_type=\"image.default\">\n\t\t\t\t<div class=\"elementor-widget-container\">\n\t\t\t\t\t\t\t\t\t\t\t\t\t\t\t<img decoding=\"async\" width=\"683\" height=\"1024\" src=\"https:\/\/agoracisnadioara.ro\/wp-content\/uploads\/2025\/11\/IMG_1562-683x1024.jpg\" class=\"attachment-large size-large wp-image-3339\" alt=\"\" srcset=\"https:\/\/agoracisnadioara.ro\/wp-content\/uploads\/2025\/11\/IMG_1562-683x1024.jpg 683w, https:\/\/agoracisnadioara.ro\/wp-content\/uploads\/2025\/11\/IMG_1562-200x300.jpg 200w, https:\/\/agoracisnadioara.ro\/wp-content\/uploads\/2025\/11\/IMG_1562-768x1152.jpg 768w, https:\/\/agoracisnadioara.ro\/wp-content\/uploads\/2025\/11\/IMG_1562-1024x1536.jpg 1024w, https:\/\/agoracisnadioara.ro\/wp-content\/uploads\/2025\/11\/IMG_1562-1365x2048.jpg 1365w, https:\/\/agoracisnadioara.ro\/wp-content\/uploads\/2025\/11\/IMG_1562-scaled.jpg 1707w\" sizes=\"(max-width: 683px) 100vw, 683px\" \/>\t\t\t\t\t\t\t\t\t\t\t\t\t\t\t<\/div>\n\t\t\t\t<\/div>\n\t\t\t\t<div class=\"elementor-element elementor-element-8bdc008 elementor-widget elementor-widget-image\" data-id=\"8bdc008\" data-element_type=\"widget\" data-widget_type=\"image.default\">\n\t\t\t\t<div class=\"elementor-widget-container\">\n\t\t\t\t\t\t\t\t\t\t\t\t\t\t\t<img loading=\"lazy\" decoding=\"async\" width=\"683\" height=\"1024\" src=\"https:\/\/agoracisnadioara.ro\/wp-content\/uploads\/2025\/11\/IMG_1503-683x1024.jpg\" class=\"attachment-large size-large wp-image-3368\" alt=\"\" srcset=\"https:\/\/agoracisnadioara.ro\/wp-content\/uploads\/2025\/11\/IMG_1503-683x1024.jpg 683w, https:\/\/agoracisnadioara.ro\/wp-content\/uploads\/2025\/11\/IMG_1503-200x300.jpg 200w, https:\/\/agoracisnadioara.ro\/wp-content\/uploads\/2025\/11\/IMG_1503-768x1152.jpg 768w, https:\/\/agoracisnadioara.ro\/wp-content\/uploads\/2025\/11\/IMG_1503-1024x1536.jpg 1024w, https:\/\/agoracisnadioara.ro\/wp-content\/uploads\/2025\/11\/IMG_1503-1365x2048.jpg 1365w, https:\/\/agoracisnadioara.ro\/wp-content\/uploads\/2025\/11\/IMG_1503-scaled.jpg 1707w\" sizes=\"(max-width: 683px) 100vw, 683px\" \/>\t\t\t\t\t\t\t\t\t\t\t\t\t\t\t<\/div>\n\t\t\t\t<\/div>\n\t\t\t\t\t<\/div>\n\t\t\t\t<\/div>\n\t\t\t\t<\/div>","protected":false},"excerpt":{"rendered":"<p>Parcul \u0219i locul de joac\u0103 Agora Gr\u0103dina de vis a copiilor Proiect al firmei Natur!strategen din Germania, Parcul Agora, cu locul de joac\u0103 integrat, este practic o paji\u0219te creat\u0103, care, \u00een timp, prin \u201dbioplasticitatea\u201d mediului \u00eenconjur\u0103tor, cap\u0103t\u0103 \u201er\u0103d\u0103cini\u201d \u0219i devine un ecosistem veritabil. Flori s\u0103lbatice, ap\u0103, pomi \u00eenflori\u021bi, multe albine \u0219i fluturi!<\/p>","protected":false},"author":1,"featured_media":0,"parent":2849,"menu_order":0,"comment_status":"closed","ping_status":"closed","template":"","meta":{"_uag_custom_page_level_css":"","site-sidebar-layout":"no-sidebar","site-content-layout":"page-builder","ast-site-content-layout":"default","site-content-style":"default","site-sidebar-style":"default","ast-global-header-display":"","ast-banner-title-visibility":"","ast-main-header-display":"","ast-hfb-above-header-display":"","ast-hfb-below-header-display":"","ast-hfb-mobile-header-display":"","site-post-title":"disabled","ast-breadcrumbs-content":"","ast-featured-img":"","footer-sml-layout":"","theme-transparent-header-meta":"default","adv-header-id-meta":"","stick-header-meta":"","header-above-stick-meta":"","header-main-stick-meta":"","header-below-stick-meta":"","astra-migrate-meta-layouts":"default","ast-page-background-enabled":"default","ast-page-background-meta":{"desktop":{"background-color":"var(--ast-global-color-4)","background-image":"","background-repeat":"repeat","background-position":"center center","background-size":"auto","background-attachment":"scroll","background-type":"","background-media":"","overlay-type":"","overlay-color":"","overlay-opacity":"","overlay-gradient":""},"tablet":{"background-color":"","background-image":"","background-repeat":"repeat","background-position":"center center","background-size":"auto","background-attachment":"scroll","background-type":"","background-media":"","overlay-type":"","overlay-color":"","overlay-opacity":"","overlay-gradient":""},"mobile":{"background-color":"","background-image":"","background-repeat":"repeat","background-position":"center center","background-size":"auto","background-attachment":"scroll","background-type":"","background-media":"","overlay-type":"","overlay-color":"","overlay-opacity":"","overlay-gradient":""}},"ast-content-background-meta":{"desktop":{"background-color":"var(--ast-global-color-5)","background-image":"","background-repeat":"repeat","background-position":"center center","background-size":"auto","background-attachment":"scroll","background-type":"","background-media":"","overlay-type":"","overlay-color":"","overlay-opacity":"","overlay-gradient":""},"tablet":{"background-color":"var(--ast-global-color-5)","background-image":"","background-repeat":"repeat","background-position":"center center","background-size":"auto","background-attachment":"scroll","background-type":"","background-media":"","overlay-type":"","overlay-color":"","overlay-opacity":"","overlay-gradient":""},"mobile":{"background-color":"var(--ast-global-color-5)","background-image":"","background-repeat":"repeat","background-position":"center center","background-size":"auto","background-attachment":"scroll","background-type":"","background-media":"","overlay-type":"","overlay-color":"","overlay-opacity":"","overlay-gradient":""}},"footnotes":""},"class_list":["post-2855","page","type-page","status-publish","hentry"],"yoast_head":"<!-- This site is optimized with the Yoast SEO plugin v27.0 - https:\/\/yoast.com\/product\/yoast-seo-wordpress\/ -->\n<title>Parcul \u0219i locul de joac\u0103 Agora - Ansamblul Agora Cisn\u0103dioara<\/title>\n<meta name=\"robots\" content=\"index, follow, max-snippet:-1, max-image-preview:large, max-video-preview:-1\" \/>\n<link rel=\"canonical\" href=\"https:\/\/agoracisnadioara.ro\/de\/ecosistem\/parcul-si-locul-de-joaca-agora\/\" \/>\n<meta property=\"og:locale\" content=\"de_DE\" \/>\n<meta property=\"og:type\" content=\"article\" \/>\n<meta property=\"og:title\" content=\"Parcul \u0219i locul de joac\u0103 Agora - Ansamblul Agora Cisn\u0103dioara\" \/>\n<meta property=\"og:description\" content=\"Parcul \u0219i locul de joac\u0103 Agora Gr\u0103dina de vis a copiilor Proiect al firmei Natur!strategen din Germania, Parcul Agora, cu locul de joac\u0103 integrat, este practic o paji\u0219te creat\u0103, care, \u00een timp, prin \u201dbioplasticitatea\u201d mediului \u00eenconjur\u0103tor, cap\u0103t\u0103 \u201er\u0103d\u0103cini\u201d \u0219i devine un ecosistem veritabil. Flori s\u0103lbatice, ap\u0103, pomi \u00eenflori\u021bi, multe albine \u0219i fluturi!\" \/>\n<meta property=\"og:url\" content=\"https:\/\/agoracisnadioara.ro\/de\/ecosistem\/parcul-si-locul-de-joaca-agora\/\" \/>\n<meta property=\"og:site_name\" content=\"Ansamblul Agora Cisn\u0103dioara\" \/>\n<meta property=\"article:publisher\" content=\"https:\/\/www.facebook.com\/AgoraCisnadioara\/\" \/>\n<meta property=\"article:modified_time\" content=\"2025-11-02T17:24:28+00:00\" \/>\n<meta property=\"og:image\" content=\"https:\/\/agoracisnadioara.ro\/wp-content\/uploads\/2025\/11\/IMG_1548-2-scaled.jpg\" \/>\n\t<meta property=\"og:image:width\" content=\"1707\" \/>\n\t<meta property=\"og:image:height\" content=\"2560\" \/>\n\t<meta property=\"og:image:type\" content=\"image\/jpeg\" \/>\n<meta name=\"twitter:card\" content=\"summary_large_image\" \/>\n<meta name=\"twitter:label1\" content=\"Gesch\u00e4tzte Lesezeit\" \/>\n\t<meta name=\"twitter:data1\" content=\"2\u00a0Minuten\" \/>\n<script type=\"application\/ld+json\" class=\"yoast-schema-graph\">{\"@context\":\"https:\/\/schema.org\",\"@graph\":[{\"@type\":\"WebPage\",\"@id\":\"https:\/\/agoracisnadioara.ro\/ecosistem\/parcul-si-locul-de-joaca-agora\/\",\"url\":\"https:\/\/agoracisnadioara.ro\/ecosistem\/parcul-si-locul-de-joaca-agora\/\",\"name\":\"Parcul \u0219i locul de joac\u0103 Agora - Ansamblul Agora Cisn\u0103dioara\",\"isPartOf\":{\"@id\":\"https:\/\/agoracisnadioara.ro\/#website\"},\"primaryImageOfPage\":{\"@id\":\"https:\/\/agoracisnadioara.ro\/ecosistem\/parcul-si-locul-de-joaca-agora\/#primaryimage\"},\"image\":{\"@id\":\"https:\/\/agoracisnadioara.ro\/ecosistem\/parcul-si-locul-de-joaca-agora\/#primaryimage\"},\"thumbnailUrl\":\"https:\/\/agoracisnadioara.ro\/wp-content\/uploads\/2025\/11\/IMG_1548-2-scaled.jpg\",\"datePublished\":\"2025-10-28T12:54:51+00:00\",\"dateModified\":\"2025-11-02T17:24:28+00:00\",\"breadcrumb\":{\"@id\":\"https:\/\/agoracisnadioara.ro\/ecosistem\/parcul-si-locul-de-joaca-agora\/#breadcrumb\"},\"inLanguage\":\"de\",\"potentialAction\":[{\"@type\":\"ReadAction\",\"target\":[\"https:\/\/agoracisnadioara.ro\/ecosistem\/parcul-si-locul-de-joaca-agora\/\"]}]},{\"@type\":\"ImageObject\",\"inLanguage\":\"de\",\"@id\":\"https:\/\/agoracisnadioara.ro\/ecosistem\/parcul-si-locul-de-joaca-agora\/#primaryimage\",\"url\":\"https:\/\/agoracisnadioara.ro\/wp-content\/uploads\/2025\/11\/IMG_1548-2-scaled.jpg\",\"contentUrl\":\"https:\/\/agoracisnadioara.ro\/wp-content\/uploads\/2025\/11\/IMG_1548-2-scaled.jpg\"},{\"@type\":\"BreadcrumbList\",\"@id\":\"https:\/\/agoracisnadioara.ro\/ecosistem\/parcul-si-locul-de-joaca-agora\/#breadcrumb\",\"itemListElement\":[{\"@type\":\"ListItem\",\"position\":1,\"name\":\"Prima pagin\u0103\",\"item\":\"https:\/\/agoracisnadioara.ro\/\"},{\"@type\":\"ListItem\",\"position\":2,\"name\":\"Ecosistem\",\"item\":\"https:\/\/agoracisnadioara.ro\/ecosistem\/\"},{\"@type\":\"ListItem\",\"position\":3,\"name\":\"Parcul \u0219i locul de joac\u0103 Agora\"}]},{\"@type\":\"WebSite\",\"@id\":\"https:\/\/agoracisnadioara.ro\/#website\",\"url\":\"https:\/\/agoracisnadioara.ro\/\",\"name\":\"Ansamblul Agora Cisn\u0103dioara\",\"description\":\"Oriunde mergi, g\u0103se\u0219ti BINELE!\",\"publisher\":{\"@id\":\"https:\/\/agoracisnadioara.ro\/#organization\"},\"potentialAction\":[{\"@type\":\"SearchAction\",\"target\":{\"@type\":\"EntryPoint\",\"urlTemplate\":\"https:\/\/agoracisnadioara.ro\/?s={search_term_string}\"},\"query-input\":{\"@type\":\"PropertyValueSpecification\",\"valueRequired\":true,\"valueName\":\"search_term_string\"}}],\"inLanguage\":\"de\"},{\"@type\":\"Organization\",\"@id\":\"https:\/\/agoracisnadioara.ro\/#organization\",\"name\":\"Ansamblul Agora Cisn\u0103dioara\",\"url\":\"https:\/\/agoracisnadioara.ro\/\",\"logo\":{\"@type\":\"ImageObject\",\"inLanguage\":\"de\",\"@id\":\"https:\/\/agoracisnadioara.ro\/#\/schema\/logo\/image\/\",\"url\":\"https:\/\/agoracisnadioara.ro\/wp-content\/uploads\/2023\/11\/color-extra.png\",\"contentUrl\":\"https:\/\/agoracisnadioara.ro\/wp-content\/uploads\/2023\/11\/color-extra.png\",\"width\":135,\"height\":171,\"caption\":\"Ansamblul Agora Cisn\u0103dioara\"},\"image\":{\"@id\":\"https:\/\/agoracisnadioara.ro\/#\/schema\/logo\/image\/\"},\"sameAs\":[\"https:\/\/www.facebook.com\/AgoraCisnadioara\/\"]}]}<\/script>\n<!-- \/ Yoast SEO plugin. -->","yoast_head_json":{"title":"Parcul \u0219i locul de joac\u0103 Agora - Ansamblul Agora Cisn\u0103dioara","robots":{"index":"index","follow":"follow","max-snippet":"max-snippet:-1","max-image-preview":"max-image-preview:large","max-video-preview":"max-video-preview:-1"},"canonical":"https:\/\/agoracisnadioara.ro\/de\/ecosistem\/parcul-si-locul-de-joaca-agora\/","og_locale":"de_DE","og_type":"article","og_title":"Parcul \u0219i locul de joac\u0103 Agora - Ansamblul Agora Cisn\u0103dioara","og_description":"Parcul \u0219i locul de joac\u0103 Agora Gr\u0103dina de vis a copiilor Proiect al firmei Natur!strategen din Germania, Parcul Agora, cu locul de joac\u0103 integrat, este practic o paji\u0219te creat\u0103, care, \u00een timp, prin \u201dbioplasticitatea\u201d mediului \u00eenconjur\u0103tor, cap\u0103t\u0103 \u201er\u0103d\u0103cini\u201d \u0219i devine un ecosistem veritabil. Flori s\u0103lbatice, ap\u0103, pomi \u00eenflori\u021bi, multe albine \u0219i fluturi!","og_url":"https:\/\/agoracisnadioara.ro\/de\/ecosistem\/parcul-si-locul-de-joaca-agora\/","og_site_name":"Ansamblul Agora Cisn\u0103dioara","article_publisher":"https:\/\/www.facebook.com\/AgoraCisnadioara\/","article_modified_time":"2025-11-02T17:24:28+00:00","og_image":[{"width":1707,"height":2560,"url":"https:\/\/agoracisnadioara.ro\/wp-content\/uploads\/2025\/11\/IMG_1548-2-scaled.jpg","type":"image\/jpeg"}],"twitter_card":"summary_large_image","twitter_misc":{"Gesch\u00e4tzte Lesezeit":"2\u00a0Minuten"},"schema":{"@context":"https:\/\/schema.org","@graph":[{"@type":"WebPage","@id":"https:\/\/agoracisnadioara.ro\/ecosistem\/parcul-si-locul-de-joaca-agora\/","url":"https:\/\/agoracisnadioara.ro\/ecosistem\/parcul-si-locul-de-joaca-agora\/","name":"Parcul \u0219i locul de joac\u0103 Agora - Ansamblul Agora Cisn\u0103dioara","isPartOf":{"@id":"https:\/\/agoracisnadioara.ro\/#website"},"primaryImageOfPage":{"@id":"https:\/\/agoracisnadioara.ro\/ecosistem\/parcul-si-locul-de-joaca-agora\/#primaryimage"},"image":{"@id":"https:\/\/agoracisnadioara.ro\/ecosistem\/parcul-si-locul-de-joaca-agora\/#primaryimage"},"thumbnailUrl":"https:\/\/agoracisnadioara.ro\/wp-content\/uploads\/2025\/11\/IMG_1548-2-scaled.jpg","datePublished":"2025-10-28T12:54:51+00:00","dateModified":"2025-11-02T17:24:28+00:00","breadcrumb":{"@id":"https:\/\/agoracisnadioara.ro\/ecosistem\/parcul-si-locul-de-joaca-agora\/#breadcrumb"},"inLanguage":"de","potentialAction":[{"@type":"ReadAction","target":["https:\/\/agoracisnadioara.ro\/ecosistem\/parcul-si-locul-de-joaca-agora\/"]}]},{"@type":"ImageObject","inLanguage":"de","@id":"https:\/\/agoracisnadioara.ro\/ecosistem\/parcul-si-locul-de-joaca-agora\/#primaryimage","url":"https:\/\/agoracisnadioara.ro\/wp-content\/uploads\/2025\/11\/IMG_1548-2-scaled.jpg","contentUrl":"https:\/\/agoracisnadioara.ro\/wp-content\/uploads\/2025\/11\/IMG_1548-2-scaled.jpg"},{"@type":"BreadcrumbList","@id":"https:\/\/agoracisnadioara.ro\/ecosistem\/parcul-si-locul-de-joaca-agora\/#breadcrumb","itemListElement":[{"@type":"ListItem","position":1,"name":"Prima pagin\u0103","item":"https:\/\/agoracisnadioara.ro\/"},{"@type":"ListItem","position":2,"name":"Ecosistem","item":"https:\/\/agoracisnadioara.ro\/ecosistem\/"},{"@type":"ListItem","position":3,"name":"Parcul \u0219i locul de joac\u0103 Agora"}]},{"@type":"WebSite","@id":"https:\/\/agoracisnadioara.ro\/#website","url":"https:\/\/agoracisnadioara.ro\/","name":"Ansamblul Agora Cisn\u0103dioara","description":"Oriunde mergi, g\u0103se\u0219ti BINELE!","publisher":{"@id":"https:\/\/agoracisnadioara.ro\/#organization"},"potentialAction":[{"@type":"SearchAction","target":{"@type":"EntryPoint","urlTemplate":"https:\/\/agoracisnadioara.ro\/?s={search_term_string}"},"query-input":{"@type":"PropertyValueSpecification","valueRequired":true,"valueName":"search_term_string"}}],"inLanguage":"de"},{"@type":"Organization","@id":"https:\/\/agoracisnadioara.ro\/#organization","name":"Ansamblul Agora Cisn\u0103dioara","url":"https:\/\/agoracisnadioara.ro\/","logo":{"@type":"ImageObject","inLanguage":"de","@id":"https:\/\/agoracisnadioara.ro\/#\/schema\/logo\/image\/","url":"https:\/\/agoracisnadioara.ro\/wp-content\/uploads\/2023\/11\/color-extra.png","contentUrl":"https:\/\/agoracisnadioara.ro\/wp-content\/uploads\/2023\/11\/color-extra.png","width":135,"height":171,"caption":"Ansamblul Agora Cisn\u0103dioara"},"image":{"@id":"https:\/\/agoracisnadioara.ro\/#\/schema\/logo\/image\/"},"sameAs":["https:\/\/www.facebook.com\/AgoraCisnadioara\/"]}]}},"uagb_featured_image_src":{"full":false,"thumbnail":false,"medium":false,"medium_large":false,"large":false,"1536x1536":false,"2048x2048":false,"trp-custom-language-flag":false},"uagb_author_info":{"display_name":"Diana","author_link":"https:\/\/agoracisnadioara.ro\/de\/author\/diana\/"},"uagb_comment_info":0,"uagb_excerpt":"Parcul \u0219i locul de joac\u0103 Agora Gr\u0103dina de vis a copiilor Proiect al firmei Natur!strategen din Germania, Parcul Agora, cu locul de joac\u0103 integrat, este practic o paji\u0219te creat\u0103, care, \u00een timp, prin \u201dbioplasticitatea\u201d mediului \u00eenconjur\u0103tor, cap\u0103t\u0103 \u201er\u0103d\u0103cini\u201d \u0219i devine un ecosistem veritabil. Flori s\u0103lbatice, ap\u0103, pomi \u00eenflori\u021bi, multe albine \u0219i fluturi!","_links":{"self":[{"href":"https:\/\/agoracisnadioara.ro\/de\/wp-json\/wp\/v2\/pages\/2855","targetHints":{"allow":["GET"]}}],"collection":[{"href":"https:\/\/agoracisnadioara.ro\/de\/wp-json\/wp\/v2\/pages"}],"about":[{"href":"https:\/\/agoracisnadioara.ro\/de\/wp-json\/wp\/v2\/types\/page"}],"author":[{"embeddable":true,"href":"https:\/\/agoracisnadioara.ro\/de\/wp-json\/wp\/v2\/users\/1"}],"replies":[{"embeddable":true,"href":"https:\/\/agoracisnadioara.ro\/de\/wp-json\/wp\/v2\/comments?post=2855"}],"version-history":[{"count":13,"href":"https:\/\/agoracisnadioara.ro\/de\/wp-json\/wp\/v2\/pages\/2855\/revisions"}],"predecessor-version":[{"id":3371,"href":"https:\/\/agoracisnadioara.ro\/de\/wp-json\/wp\/v2\/pages\/2855\/revisions\/3371"}],"up":[{"embeddable":true,"href":"https:\/\/agoracisnadioara.ro\/de\/wp-json\/wp\/v2\/pages\/2849"}],"wp:attachment":[{"href":"https:\/\/agoracisnadioara.ro\/de\/wp-json\/wp\/v2\/media?parent=2855"}],"curies":[{"name":"wp","href":"https:\/\/api.w.org\/{rel}","templated":true}]}}