{"id":2874,"date":"2025-10-28T15:05:24","date_gmt":"2025-10-28T13:05:24","guid":{"rendered":"https:\/\/agoracisnadioara.ro\/?page_id=2874"},"modified":"2025-11-02T17:19:55","modified_gmt":"2025-11-02T15:19:55","slug":"certificari","status":"publish","type":"page","link":"https:\/\/agoracisnadioara.ro\/de\/ecosistem\/certificari\/","title":{"rendered":"Zertifizierungen"},"content":{"rendered":"<div data-elementor-type=\"wp-page\" data-elementor-id=\"2874\" class=\"elementor elementor-2874\" data-elementor-post-type=\"page\">\n\t\t\t\t<div class=\"elementor-element elementor-element-632a7fa e-flex e-con-boxed e-con e-parent\" data-id=\"632a7fa\" data-element_type=\"container\" data-settings=\"{&quot;background_background&quot;:&quot;classic&quot;}\">\n\t\t\t\t\t<div class=\"e-con-inner\">\n\t\t<div class=\"elementor-element elementor-element-868c7c6 e-con-full e-flex e-con e-child\" data-id=\"868c7c6\" data-element_type=\"container\">\n\t\t\t\t<div class=\"elementor-element elementor-element-735da12 elementor-widget elementor-widget-heading\" data-id=\"735da12\" data-element_type=\"widget\" data-widget_type=\"heading.default\">\n\t\t\t\t<div class=\"elementor-widget-container\">\n\t\t\t\t\t<h1 class=\"elementor-heading-title elementor-size-default\">Zertifizierungen<\/h1>\t\t\t\t<\/div>\n\t\t\t\t<\/div>\n\t\t\t\t<\/div>\n\t\t\t\t\t<\/div>\n\t\t\t\t<\/div>\n\t\t<div class=\"elementor-element elementor-element-a7cfe3b e-flex e-con-boxed e-con e-parent\" data-id=\"a7cfe3b\" data-element_type=\"container\" data-settings=\"{&quot;background_background&quot;:&quot;classic&quot;}\">\n\t\t\t\t\t<div class=\"e-con-inner\">\n\t\t<div class=\"elementor-element elementor-element-a2a580a e-flex e-con-boxed e-con e-child\" data-id=\"a2a580a\" data-element_type=\"container\">\n\t\t\t\t\t<div class=\"e-con-inner\">\n\t\t\t\t<div class=\"elementor-element elementor-element-9d503ff elementor-widget elementor-widget-text-editor\" data-id=\"9d503ff\" data-element_type=\"widget\" data-widget_type=\"text-editor.default\">\n\t\t\t\t<div class=\"elementor-widget-container\">\n\t\t\t\t\t\t\t\t\t<p>Im Agora Ensemble verfolgen wir hohe Standards in Bezug auf Nachhaltigkeit und Verantwortung. Derzeit sind wir im Prozess der Umsetzung von drei wichtigen internationalen Zertifizierungen. Diese Ma\u00dfnahmen spiegeln unser Engagement f\u00fcr die Umwelt, die Gemeinschaft und ein sicheres Erlebnis f\u00fcr alle G\u00e4ste wider.<\/p>\t\t\t\t\t\t\t\t<\/div>\n\t\t\t\t<\/div>\n\t\t\t\t\t<\/div>\n\t\t\t\t<\/div>\n\t\t\t\t\t<\/div>\n\t\t\t\t<\/div>\n\t\t<div class=\"elementor-element elementor-element-9224036 e-flex e-con-boxed e-con e-parent\" data-id=\"9224036\" data-element_type=\"container\">\n\t\t\t\t\t<div class=\"e-con-inner\">\n\t\t\t\t<div class=\"elementor-element elementor-element-4acfceb elementor-widget__width-initial elementor-position-top elementor-widget elementor-widget-image-box\" data-id=\"4acfceb\" data-element_type=\"widget\" data-widget_type=\"image-box.default\">\n\t\t\t\t<div class=\"elementor-widget-container\">\n\t\t\t\t\t<div class=\"elementor-image-box-wrapper\"><figure class=\"elementor-image-box-img\"><a href=\"https:\/\/www.greenkey.global\/\" tabindex=\"-1\"><img fetchpriority=\"high\" decoding=\"async\" width=\"200\" height=\"252\" src=\"https:\/\/agoracisnadioara.ro\/wp-content\/uploads\/2025\/10\/green-key-logo-small.png\" class=\"attachment-full size-full wp-image-2879\" alt=\"\" \/><\/a><\/figure><div class=\"elementor-image-box-content\"><p class=\"elementor-image-box-description\">F\u00fcr umweltfreundliche Verfahren im Tourismus und Gastgewerbe.<\/p><\/div><\/div>\t\t\t\t<\/div>\n\t\t\t\t<\/div>\n\t\t\t\t<div class=\"elementor-element elementor-element-f64f1d1 elementor-widget__width-initial elementor-position-top elementor-widget elementor-widget-image-box\" data-id=\"f64f1d1\" data-element_type=\"widget\" data-widget_type=\"image-box.default\">\n\t\t\t\t<div class=\"elementor-widget-container\">\n\t\t\t\t\t<div class=\"elementor-image-box-wrapper\"><figure class=\"elementor-image-box-img\"><a href=\"https:\/\/environment.ec.europa.eu\/topics\/circular-economy\/eu-ecolabel\/about-eu-ecolabel_en\" tabindex=\"-1\"><img decoding=\"async\" width=\"2048\" height=\"2048\" src=\"https:\/\/agoracisnadioara.ro\/wp-content\/uploads\/2025\/10\/EU_Ecolabel_Logo_usage.svg.png\" class=\"attachment-full size-full wp-image-2880\" alt=\"\" srcset=\"https:\/\/agoracisnadioara.ro\/wp-content\/uploads\/2025\/10\/EU_Ecolabel_Logo_usage.svg.png 2048w, https:\/\/agoracisnadioara.ro\/wp-content\/uploads\/2025\/10\/EU_Ecolabel_Logo_usage.svg-300x300.png 300w, https:\/\/agoracisnadioara.ro\/wp-content\/uploads\/2025\/10\/EU_Ecolabel_Logo_usage.svg-1024x1024.png 1024w, https:\/\/agoracisnadioara.ro\/wp-content\/uploads\/2025\/10\/EU_Ecolabel_Logo_usage.svg-150x150.png 150w, https:\/\/agoracisnadioara.ro\/wp-content\/uploads\/2025\/10\/EU_Ecolabel_Logo_usage.svg-768x768.png 768w, https:\/\/agoracisnadioara.ro\/wp-content\/uploads\/2025\/10\/EU_Ecolabel_Logo_usage.svg-1536x1536.png 1536w\" sizes=\"(max-width: 2048px) 100vw, 2048px\" \/><\/a><\/figure><div class=\"elementor-image-box-content\"><p class=\"elementor-image-box-description\">Europ\u00e4isches Siegel, das eine geringe Umweltbelastung bescheinigt.<\/p><\/div><\/div>\t\t\t\t<\/div>\n\t\t\t\t<\/div>\n\t\t\t\t<div class=\"elementor-element elementor-element-dce4c0c elementor-widget__width-initial elementor-position-top elementor-widget elementor-widget-image-box\" data-id=\"dce4c0c\" data-element_type=\"widget\" data-widget_type=\"image-box.default\">\n\t\t\t\t<div class=\"elementor-widget-container\">\n\t\t\t\t\t<div class=\"elementor-image-box-wrapper\"><figure class=\"elementor-image-box-img\"><a href=\"https:\/\/asociatiaaer.ro\/\" tabindex=\"-1\"><img decoding=\"async\" width=\"224\" height=\"224\" src=\"https:\/\/agoracisnadioara.ro\/wp-content\/uploads\/2025\/10\/logo-AER-2.jpg\" class=\"attachment-full size-full wp-image-2876\" alt=\"\" srcset=\"https:\/\/agoracisnadioara.ro\/wp-content\/uploads\/2025\/10\/logo-AER-2.jpg 224w, https:\/\/agoracisnadioara.ro\/wp-content\/uploads\/2025\/10\/logo-AER-2-150x150.jpg 150w\" sizes=\"(max-width: 224px) 100vw, 224px\" \/><\/a><\/figure><div class=\"elementor-image-box-content\"><p class=\"elementor-image-box-description\">Zertifizierung f\u00fcr verantwortungsvollen Tourismus. <\/p><\/div><\/div>\t\t\t\t<\/div>\n\t\t\t\t<\/div>\n\t\t\t\t\t<\/div>\n\t\t\t\t<\/div>\n\t\t\t\t<\/div>","protected":false},"excerpt":{"rendered":"<p>Certific\u0103ri La Agora urm\u0103rim standarde \u00eenalte de sustenabilitate \u0219i responsabilitate. Suntem \u00een prezent \u00een proces de implementare a trei certific\u0103ri interna\u021bionale importante. Aceste demersuri reflect\u0103 angajamentul nostru fa\u021b\u0103 de mediu, comunitate \u0219i o experien\u021b\u0103 sigur\u0103 pentru to\u021bi oaspe\u021bii. Pentru practici ecologice \u00een turism \u0219i ospitalitate. Marc\u0103 European\u0103 ce atest\u0103 un impact redus asupra mediului. Certificare [&hellip;]<\/p>","protected":false},"author":1,"featured_media":0,"parent":2849,"menu_order":0,"comment_status":"closed","ping_status":"closed","template":"","meta":{"_uag_custom_page_level_css":"","site-sidebar-layout":"no-sidebar","site-content-layout":"page-builder","ast-site-content-layout":"default","site-content-style":"default","site-sidebar-style":"default","ast-global-header-display":"","ast-banner-title-visibility":"","ast-main-header-display":"","ast-hfb-above-header-display":"","ast-hfb-below-header-display":"","ast-hfb-mobile-header-display":"","site-post-title":"disabled","ast-breadcrumbs-content":"","ast-featured-img":"","footer-sml-layout":"","theme-transparent-header-meta":"default","adv-header-id-meta":"","stick-header-meta":"","header-above-stick-meta":"","header-main-stick-meta":"","header-below-stick-meta":"","astra-migrate-meta-layouts":"default","ast-page-background-enabled":"default","ast-page-background-meta":{"desktop":{"background-color":"var(--ast-global-color-4)","background-image":"","background-repeat":"repeat","background-position":"center center","background-size":"auto","background-attachment":"scroll","background-type":"","background-media":"","overlay-type":"","overlay-color":"","overlay-opacity":"","overlay-gradient":""},"tablet":{"background-color":"","background-image":"","background-repeat":"repeat","background-position":"center center","background-size":"auto","background-attachment":"scroll","background-type":"","background-media":"","overlay-type":"","overlay-color":"","overlay-opacity":"","overlay-gradient":""},"mobile":{"background-color":"","background-image":"","background-repeat":"repeat","background-position":"center center","background-size":"auto","background-attachment":"scroll","background-type":"","background-media":"","overlay-type":"","overlay-color":"","overlay-opacity":"","overlay-gradient":""}},"ast-content-background-meta":{"desktop":{"background-color":"var(--ast-global-color-5)","background-image":"","background-repeat":"repeat","background-position":"center center","background-size":"auto","background-attachment":"scroll","background-type":"","background-media":"","overlay-type":"","overlay-color":"","overlay-opacity":"","overlay-gradient":""},"tablet":{"background-color":"var(--ast-global-color-5)","background-image":"","background-repeat":"repeat","background-position":"center center","background-size":"auto","background-attachment":"scroll","background-type":"","background-media":"","overlay-type":"","overlay-color":"","overlay-opacity":"","overlay-gradient":""},"mobile":{"background-color":"var(--ast-global-color-5)","background-image":"","background-repeat":"repeat","background-position":"center center","background-size":"auto","background-attachment":"scroll","background-type":"","background-media":"","overlay-type":"","overlay-color":"","overlay-opacity":"","overlay-gradient":""}},"footnotes":""},"class_list":["post-2874","page","type-page","status-publish","hentry"],"yoast_head":"<!-- This site is optimized with the Yoast SEO plugin v27.0 - https:\/\/yoast.com\/product\/yoast-seo-wordpress\/ -->\n<title>Certific\u0103ri - Ansamblul Agora Cisn\u0103dioara<\/title>\n<meta name=\"robots\" content=\"index, follow, max-snippet:-1, max-image-preview:large, max-video-preview:-1\" \/>\n<link rel=\"canonical\" href=\"https:\/\/agoracisnadioara.ro\/de\/ecosistem\/certificari\/\" \/>\n<meta property=\"og:locale\" content=\"de_DE\" \/>\n<meta property=\"og:type\" content=\"article\" \/>\n<meta property=\"og:title\" content=\"Certific\u0103ri - Ansamblul Agora Cisn\u0103dioara\" \/>\n<meta property=\"og:description\" content=\"Certific\u0103ri La Agora urm\u0103rim standarde \u00eenalte de sustenabilitate \u0219i responsabilitate. Suntem \u00een prezent \u00een proces de implementare a trei certific\u0103ri interna\u021bionale importante. Aceste demersuri reflect\u0103 angajamentul nostru fa\u021b\u0103 de mediu, comunitate \u0219i o experien\u021b\u0103 sigur\u0103 pentru to\u021bi oaspe\u021bii. Pentru practici ecologice \u00een turism \u0219i ospitalitate. Marc\u0103 European\u0103 ce atest\u0103 un impact redus asupra mediului. Certificare [&hellip;]\" \/>\n<meta property=\"og:url\" content=\"https:\/\/agoracisnadioara.ro\/de\/ecosistem\/certificari\/\" \/>\n<meta property=\"og:site_name\" content=\"Ansamblul Agora Cisn\u0103dioara\" \/>\n<meta property=\"article:publisher\" content=\"https:\/\/www.facebook.com\/AgoraCisnadioara\/\" \/>\n<meta property=\"article:modified_time\" content=\"2025-11-02T15:19:55+00:00\" \/>\n<meta property=\"og:image\" content=\"https:\/\/agoracisnadioara.ro\/wp-content\/uploads\/2025\/10\/green-key-logo-small.png\" \/>\n\t<meta property=\"og:image:width\" content=\"200\" \/>\n\t<meta property=\"og:image:height\" content=\"252\" \/>\n\t<meta property=\"og:image:type\" content=\"image\/png\" \/>\n<meta name=\"twitter:card\" content=\"summary_large_image\" \/>\n<meta name=\"twitter:label1\" content=\"Gesch\u00e4tzte Lesezeit\" \/>\n\t<meta name=\"twitter:data1\" content=\"2\u00a0Minuten\" \/>\n<script type=\"application\/ld+json\" class=\"yoast-schema-graph\">{\"@context\":\"https:\/\/schema.org\",\"@graph\":[{\"@type\":\"WebPage\",\"@id\":\"https:\/\/agoracisnadioara.ro\/ecosistem\/certificari\/\",\"url\":\"https:\/\/agoracisnadioara.ro\/ecosistem\/certificari\/\",\"name\":\"Certific\u0103ri - Ansamblul Agora Cisn\u0103dioara\",\"isPartOf\":{\"@id\":\"https:\/\/agoracisnadioara.ro\/#website\"},\"primaryImageOfPage\":{\"@id\":\"https:\/\/agoracisnadioara.ro\/ecosistem\/certificari\/#primaryimage\"},\"image\":{\"@id\":\"https:\/\/agoracisnadioara.ro\/ecosistem\/certificari\/#primaryimage\"},\"thumbnailUrl\":\"https:\/\/agoracisnadioara.ro\/wp-content\/uploads\/2025\/10\/green-key-logo-small.png\",\"datePublished\":\"2025-10-28T13:05:24+00:00\",\"dateModified\":\"2025-11-02T15:19:55+00:00\",\"breadcrumb\":{\"@id\":\"https:\/\/agoracisnadioara.ro\/ecosistem\/certificari\/#breadcrumb\"},\"inLanguage\":\"de\",\"potentialAction\":[{\"@type\":\"ReadAction\",\"target\":[\"https:\/\/agoracisnadioara.ro\/ecosistem\/certificari\/\"]}]},{\"@type\":\"ImageObject\",\"inLanguage\":\"de\",\"@id\":\"https:\/\/agoracisnadioara.ro\/ecosistem\/certificari\/#primaryimage\",\"url\":\"https:\/\/agoracisnadioara.ro\/wp-content\/uploads\/2025\/10\/green-key-logo-small.png\",\"contentUrl\":\"https:\/\/agoracisnadioara.ro\/wp-content\/uploads\/2025\/10\/green-key-logo-small.png\"},{\"@type\":\"BreadcrumbList\",\"@id\":\"https:\/\/agoracisnadioara.ro\/ecosistem\/certificari\/#breadcrumb\",\"itemListElement\":[{\"@type\":\"ListItem\",\"position\":1,\"name\":\"Prima pagin\u0103\",\"item\":\"https:\/\/agoracisnadioara.ro\/\"},{\"@type\":\"ListItem\",\"position\":2,\"name\":\"Ecosistem\",\"item\":\"https:\/\/agoracisnadioara.ro\/ecosistem\/\"},{\"@type\":\"ListItem\",\"position\":3,\"name\":\"Certific\u0103ri\"}]},{\"@type\":\"WebSite\",\"@id\":\"https:\/\/agoracisnadioara.ro\/#website\",\"url\":\"https:\/\/agoracisnadioara.ro\/\",\"name\":\"Ansamblul Agora Cisn\u0103dioara\",\"description\":\"Oriunde mergi, g\u0103se\u0219ti BINELE!\",\"publisher\":{\"@id\":\"https:\/\/agoracisnadioara.ro\/#organization\"},\"potentialAction\":[{\"@type\":\"SearchAction\",\"target\":{\"@type\":\"EntryPoint\",\"urlTemplate\":\"https:\/\/agoracisnadioara.ro\/?s={search_term_string}\"},\"query-input\":{\"@type\":\"PropertyValueSpecification\",\"valueRequired\":true,\"valueName\":\"search_term_string\"}}],\"inLanguage\":\"de\"},{\"@type\":\"Organization\",\"@id\":\"https:\/\/agoracisnadioara.ro\/#organization\",\"name\":\"Ansamblul Agora Cisn\u0103dioara\",\"url\":\"https:\/\/agoracisnadioara.ro\/\",\"logo\":{\"@type\":\"ImageObject\",\"inLanguage\":\"de\",\"@id\":\"https:\/\/agoracisnadioara.ro\/#\/schema\/logo\/image\/\",\"url\":\"https:\/\/agoracisnadioara.ro\/wp-content\/uploads\/2023\/11\/color-extra.png\",\"contentUrl\":\"https:\/\/agoracisnadioara.ro\/wp-content\/uploads\/2023\/11\/color-extra.png\",\"width\":135,\"height\":171,\"caption\":\"Ansamblul Agora Cisn\u0103dioara\"},\"image\":{\"@id\":\"https:\/\/agoracisnadioara.ro\/#\/schema\/logo\/image\/\"},\"sameAs\":[\"https:\/\/www.facebook.com\/AgoraCisnadioara\/\"]}]}<\/script>\n<!-- \/ Yoast SEO plugin. -->","yoast_head_json":{"title":"Certific\u0103ri - Ansamblul Agora Cisn\u0103dioara","robots":{"index":"index","follow":"follow","max-snippet":"max-snippet:-1","max-image-preview":"max-image-preview:large","max-video-preview":"max-video-preview:-1"},"canonical":"https:\/\/agoracisnadioara.ro\/de\/ecosistem\/certificari\/","og_locale":"de_DE","og_type":"article","og_title":"Certific\u0103ri - Ansamblul Agora Cisn\u0103dioara","og_description":"Certific\u0103ri La Agora urm\u0103rim standarde \u00eenalte de sustenabilitate \u0219i responsabilitate. Suntem \u00een prezent \u00een proces de implementare a trei certific\u0103ri interna\u021bionale importante. Aceste demersuri reflect\u0103 angajamentul nostru fa\u021b\u0103 de mediu, comunitate \u0219i o experien\u021b\u0103 sigur\u0103 pentru to\u021bi oaspe\u021bii. Pentru practici ecologice \u00een turism \u0219i ospitalitate. Marc\u0103 European\u0103 ce atest\u0103 un impact redus asupra mediului. Certificare [&hellip;]","og_url":"https:\/\/agoracisnadioara.ro\/de\/ecosistem\/certificari\/","og_site_name":"Ansamblul Agora Cisn\u0103dioara","article_publisher":"https:\/\/www.facebook.com\/AgoraCisnadioara\/","article_modified_time":"2025-11-02T15:19:55+00:00","og_image":[{"width":200,"height":252,"url":"https:\/\/agoracisnadioara.ro\/wp-content\/uploads\/2025\/10\/green-key-logo-small.png","type":"image\/png"}],"twitter_card":"summary_large_image","twitter_misc":{"Gesch\u00e4tzte Lesezeit":"2\u00a0Minuten"},"schema":{"@context":"https:\/\/schema.org","@graph":[{"@type":"WebPage","@id":"https:\/\/agoracisnadioara.ro\/ecosistem\/certificari\/","url":"https:\/\/agoracisnadioara.ro\/ecosistem\/certificari\/","name":"Certific\u0103ri - Ansamblul Agora Cisn\u0103dioara","isPartOf":{"@id":"https:\/\/agoracisnadioara.ro\/#website"},"primaryImageOfPage":{"@id":"https:\/\/agoracisnadioara.ro\/ecosistem\/certificari\/#primaryimage"},"image":{"@id":"https:\/\/agoracisnadioara.ro\/ecosistem\/certificari\/#primaryimage"},"thumbnailUrl":"https:\/\/agoracisnadioara.ro\/wp-content\/uploads\/2025\/10\/green-key-logo-small.png","datePublished":"2025-10-28T13:05:24+00:00","dateModified":"2025-11-02T15:19:55+00:00","breadcrumb":{"@id":"https:\/\/agoracisnadioara.ro\/ecosistem\/certificari\/#breadcrumb"},"inLanguage":"de","potentialAction":[{"@type":"ReadAction","target":["https:\/\/agoracisnadioara.ro\/ecosistem\/certificari\/"]}]},{"@type":"ImageObject","inLanguage":"de","@id":"https:\/\/agoracisnadioara.ro\/ecosistem\/certificari\/#primaryimage","url":"https:\/\/agoracisnadioara.ro\/wp-content\/uploads\/2025\/10\/green-key-logo-small.png","contentUrl":"https:\/\/agoracisnadioara.ro\/wp-content\/uploads\/2025\/10\/green-key-logo-small.png"},{"@type":"BreadcrumbList","@id":"https:\/\/agoracisnadioara.ro\/ecosistem\/certificari\/#breadcrumb","itemListElement":[{"@type":"ListItem","position":1,"name":"Prima pagin\u0103","item":"https:\/\/agoracisnadioara.ro\/"},{"@type":"ListItem","position":2,"name":"Ecosistem","item":"https:\/\/agoracisnadioara.ro\/ecosistem\/"},{"@type":"ListItem","position":3,"name":"Certific\u0103ri"}]},{"@type":"WebSite","@id":"https:\/\/agoracisnadioara.ro\/#website","url":"https:\/\/agoracisnadioara.ro\/","name":"Ansamblul Agora Cisn\u0103dioara","description":"Oriunde mergi, g\u0103se\u0219ti BINELE!","publisher":{"@id":"https:\/\/agoracisnadioara.ro\/#organization"},"potentialAction":[{"@type":"SearchAction","target":{"@type":"EntryPoint","urlTemplate":"https:\/\/agoracisnadioara.ro\/?s={search_term_string}"},"query-input":{"@type":"PropertyValueSpecification","valueRequired":true,"valueName":"search_term_string"}}],"inLanguage":"de"},{"@type":"Organization","@id":"https:\/\/agoracisnadioara.ro\/#organization","name":"Ansamblul Agora Cisn\u0103dioara","url":"https:\/\/agoracisnadioara.ro\/","logo":{"@type":"ImageObject","inLanguage":"de","@id":"https:\/\/agoracisnadioara.ro\/#\/schema\/logo\/image\/","url":"https:\/\/agoracisnadioara.ro\/wp-content\/uploads\/2023\/11\/color-extra.png","contentUrl":"https:\/\/agoracisnadioara.ro\/wp-content\/uploads\/2023\/11\/color-extra.png","width":135,"height":171,"caption":"Ansamblul Agora Cisn\u0103dioara"},"image":{"@id":"https:\/\/agoracisnadioara.ro\/#\/schema\/logo\/image\/"},"sameAs":["https:\/\/www.facebook.com\/AgoraCisnadioara\/"]}]}},"uagb_featured_image_src":{"full":false,"thumbnail":false,"medium":false,"medium_large":false,"large":false,"1536x1536":false,"2048x2048":false,"trp-custom-language-flag":false},"uagb_author_info":{"display_name":"Diana","author_link":"https:\/\/agoracisnadioara.ro\/de\/author\/diana\/"},"uagb_comment_info":0,"uagb_excerpt":"Certific\u0103ri La Agora urm\u0103rim standarde \u00eenalte de sustenabilitate \u0219i responsabilitate. Suntem \u00een prezent \u00een proces de implementare a trei certific\u0103ri interna\u021bionale importante. Aceste demersuri reflect\u0103 angajamentul nostru fa\u021b\u0103 de mediu, comunitate \u0219i o experien\u021b\u0103 sigur\u0103 pentru to\u021bi oaspe\u021bii. Pentru practici ecologice \u00een turism \u0219i ospitalitate. Marc\u0103 European\u0103 ce atest\u0103 un impact redus asupra mediului. Certificare&hellip;","_links":{"self":[{"href":"https:\/\/agoracisnadioara.ro\/de\/wp-json\/wp\/v2\/pages\/2874","targetHints":{"allow":["GET"]}}],"collection":[{"href":"https:\/\/agoracisnadioara.ro\/de\/wp-json\/wp\/v2\/pages"}],"about":[{"href":"https:\/\/agoracisnadioara.ro\/de\/wp-json\/wp\/v2\/types\/page"}],"author":[{"embeddable":true,"href":"https:\/\/agoracisnadioara.ro\/de\/wp-json\/wp\/v2\/users\/1"}],"replies":[{"embeddable":true,"href":"https:\/\/agoracisnadioara.ro\/de\/wp-json\/wp\/v2\/comments?post=2874"}],"version-history":[{"count":28,"href":"https:\/\/agoracisnadioara.ro\/de\/wp-json\/wp\/v2\/pages\/2874\/revisions"}],"predecessor-version":[{"id":3132,"href":"https:\/\/agoracisnadioara.ro\/de\/wp-json\/wp\/v2\/pages\/2874\/revisions\/3132"}],"up":[{"embeddable":true,"href":"https:\/\/agoracisnadioara.ro\/de\/wp-json\/wp\/v2\/pages\/2849"}],"wp:attachment":[{"href":"https:\/\/agoracisnadioara.ro\/de\/wp-json\/wp\/v2\/media?parent=2874"}],"curies":[{"name":"wp","href":"https:\/\/api.w.org\/{rel}","templated":true}]}}