{"id":4181,"date":"2025-11-10T19:50:45","date_gmt":"2025-11-10T17:50:45","guid":{"rendered":"https:\/\/agoracisnadioara.ro\/?page_id=4181"},"modified":"2025-11-10T20:01:43","modified_gmt":"2025-11-10T18:01:43","slug":"info-point-2026","status":"publish","type":"page","link":"https:\/\/agoracisnadioara.ro\/de\/turism-in-cisnadioara\/info-point-2026\/","title":{"rendered":"Info Point Michelsberg 2026"},"content":{"rendered":"<div data-elementor-type=\"wp-post\" data-elementor-id=\"4181\" class=\"elementor elementor-4181\" data-elementor-post-type=\"page\">\n\t\t\t\t<div class=\"elementor-element elementor-element-271cda6f e-con-full e-flex e-con e-parent\" data-id=\"271cda6f\" data-element_type=\"container\" data-settings=\"{&quot;background_background&quot;:&quot;classic&quot;}\">\n\t\t<div class=\"elementor-element elementor-element-296e902f e-con-full e-flex e-con e-child\" data-id=\"296e902f\" data-element_type=\"container\">\n\t\t\t\t<div class=\"elementor-element elementor-element-518adde1 elementor-widget elementor-widget-heading\" data-id=\"518adde1\" data-element_type=\"widget\" data-widget_type=\"heading.default\">\n\t\t\t\t<div class=\"elementor-widget-container\">\n\t\t\t\t\t<h1 class=\"elementor-heading-title elementor-size-default\">Info Point Michelsberg 2026<\/h1>\t\t\t\t<\/div>\n\t\t\t\t<\/div>\n\t\t\t\t<\/div>\n\t\t\t\t<\/div>\n\t\t<div class=\"elementor-element elementor-element-71af3cc e-flex e-con-boxed e-con e-parent\" data-id=\"71af3cc\" data-element_type=\"container\" data-settings=\"{&quot;background_background&quot;:&quot;classic&quot;}\">\n\t\t\t\t\t<div class=\"e-con-inner\">\n\t\t<div class=\"elementor-element elementor-element-c606c33 e-con-full e-flex e-con e-child\" data-id=\"c606c33\" data-element_type=\"container\">\n\t\t\t\t<div class=\"elementor-element elementor-element-4e5e0b8 elementor-widget elementor-widget-text-editor\" data-id=\"4e5e0b8\" data-element_type=\"widget\" data-widget_type=\"text-editor.default\">\n\t\t\t\t<div class=\"elementor-widget-container\">\n\t\t\t\t\t\t\t\t\t<div class=\"page\" title=\"Page 6\"><div class=\"section\"><div class=\"layoutArea\"><div class=\"column\"><div class=\"page\" title=\"Page 7\"><div class=\"section\"><div class=\"layoutArea\"><div class=\"column\"><p>In einer Lage direkt am Aufstieg zur Wehrkirche St. Michael befindet sich der Info Point Michelsberg, der derzeit eingerichtet wird und das Ergebnis einer Partnerschaft zwischen dem Rathaus von Cisn\u0103die (Heltau), vertreten durch B\u00fcrgermeister Mircea Orl\u0103\u021ban, und dem Ensemble Agora ist.<\/p><p>Wir unterst\u00fctzen den Kulturtourismus in Michelsberg, einen anspruchsvollen Tourismus, der die Gemeinschaft, die Tradition, die Kultur und die Umgebung ber\u00fccksichtigt.<\/p><p>In denselben R\u00e4umlichkeiten ist au\u00dferdem ein hochwertiger Souvenirladen geplant, der Produkte von lokalen Handwerkern anbietet.<\/p><\/div><\/div><\/div><\/div><\/div><\/div><\/div><\/div>\t\t\t\t\t\t\t\t<\/div>\n\t\t\t\t<\/div>\n\t\t\t\t<\/div>\n\t\t<div class=\"elementor-element elementor-element-e6c51bc e-con-full e-flex e-con e-child\" data-id=\"e6c51bc\" data-element_type=\"container\">\n\t\t\t\t<div class=\"elementor-element elementor-element-d537b6f elementor-widget elementor-widget-image\" data-id=\"d537b6f\" data-element_type=\"widget\" data-widget_type=\"image.default\">\n\t\t\t\t<div class=\"elementor-widget-container\">\n\t\t\t\t\t\t\t\t\t\t\t\t\t\t\t<img fetchpriority=\"high\" decoding=\"async\" width=\"1707\" height=\"2560\" src=\"https:\/\/agoracisnadioara.ro\/wp-content\/uploads\/2025\/11\/IMG_2672-scaled.jpg\" class=\"attachment-full size-full wp-image-3902\" alt=\"\" srcset=\"https:\/\/agoracisnadioara.ro\/wp-content\/uploads\/2025\/11\/IMG_2672-scaled.jpg 1707w, https:\/\/agoracisnadioara.ro\/wp-content\/uploads\/2025\/11\/IMG_2672-200x300.jpg 200w, https:\/\/agoracisnadioara.ro\/wp-content\/uploads\/2025\/11\/IMG_2672-683x1024.jpg 683w, https:\/\/agoracisnadioara.ro\/wp-content\/uploads\/2025\/11\/IMG_2672-768x1152.jpg 768w, https:\/\/agoracisnadioara.ro\/wp-content\/uploads\/2025\/11\/IMG_2672-1024x1536.jpg 1024w, https:\/\/agoracisnadioara.ro\/wp-content\/uploads\/2025\/11\/IMG_2672-1365x2048.jpg 1365w\" sizes=\"(max-width: 1707px) 100vw, 1707px\" \/>\t\t\t\t\t\t\t\t\t\t\t\t\t\t\t<\/div>\n\t\t\t\t<\/div>\n\t\t\t\t<\/div>\n\t\t\t\t\t<\/div>\n\t\t\t\t<\/div>\n\t\t\t\t<\/div>","protected":false},"excerpt":{"rendered":"<p>Info Point 2026 I\u0302ntr-o locat\u0326ie situata\u0306 chiar la urcarea spre Biserica fortificata\u0306 Sf.Mihail, Info Point Cisna\u0306dioara este i\u0302n lucru s\u0326i este rezultatul parteneriatului dintre Prima\u0306ria Oras\u0326ului Cisna\u0306die, prin domnul primar Mircea Orla\u0306t\u0326an s\u0326i Ansamblul Agora. Sprijinim turismul cultural din localitatea Cisna\u0306dioara, un turism elevat, smart care t\u0326ine cont de comunitate, tradit\u0326ie, cultura\u0306 s\u0326i mediul i\u0302nconjura\u0306tor. [&hellip;]<\/p>","protected":false},"author":4,"featured_media":0,"parent":2410,"menu_order":0,"comment_status":"closed","ping_status":"closed","template":"","meta":{"_uag_custom_page_level_css":"","site-sidebar-layout":"no-sidebar","site-content-layout":"","ast-site-content-layout":"full-width-container","site-content-style":"default","site-sidebar-style":"default","ast-global-header-display":"","ast-banner-title-visibility":"","ast-main-header-display":"","ast-hfb-above-header-display":"","ast-hfb-below-header-display":"","ast-hfb-mobile-header-display":"","site-post-title":"disabled","ast-breadcrumbs-content":"","ast-featured-img":"disabled","footer-sml-layout":"","theme-transparent-header-meta":"","adv-header-id-meta":"","stick-header-meta":"","header-above-stick-meta":"","header-main-stick-meta":"","header-below-stick-meta":"","astra-migrate-meta-layouts":"default","ast-page-background-enabled":"default","ast-page-background-meta":{"desktop":{"background-color":"var(--ast-global-color-4)","background-image":"","background-repeat":"repeat","background-position":"center center","background-size":"auto","background-attachment":"scroll","background-type":"","background-media":"","overlay-type":"","overlay-color":"","overlay-opacity":"","overlay-gradient":""},"tablet":{"background-color":"","background-image":"","background-repeat":"repeat","background-position":"center center","background-size":"auto","background-attachment":"scroll","background-type":"","background-media":"","overlay-type":"","overlay-color":"","overlay-opacity":"","overlay-gradient":""},"mobile":{"background-color":"","background-image":"","background-repeat":"repeat","background-position":"center center","background-size":"auto","background-attachment":"scroll","background-type":"","background-media":"","overlay-type":"","overlay-color":"","overlay-opacity":"","overlay-gradient":""}},"ast-content-background-meta":{"desktop":{"background-color":"var(--ast-global-color-5)","background-image":"","background-repeat":"repeat","background-position":"center center","background-size":"auto","background-attachment":"scroll","background-type":"","background-media":"","overlay-type":"","overlay-color":"","overlay-opacity":"","overlay-gradient":""},"tablet":{"background-color":"var(--ast-global-color-5)","background-image":"","background-repeat":"repeat","background-position":"center center","background-size":"auto","background-attachment":"scroll","background-type":"","background-media":"","overlay-type":"","overlay-color":"","overlay-opacity":"","overlay-gradient":""},"mobile":{"background-color":"var(--ast-global-color-5)","background-image":"","background-repeat":"repeat","background-position":"center center","background-size":"auto","background-attachment":"scroll","background-type":"","background-media":"","overlay-type":"","overlay-color":"","overlay-opacity":"","overlay-gradient":""}},"footnotes":""},"class_list":["post-4181","page","type-page","status-publish","hentry"],"yoast_head":"<!-- This site is optimized with the Yoast SEO plugin v27.0 - https:\/\/yoast.com\/product\/yoast-seo-wordpress\/ -->\n<title>Info Point 2026 - Ansamblul Agora Cisn\u0103dioara<\/title>\n<meta name=\"robots\" content=\"index, follow, max-snippet:-1, max-image-preview:large, max-video-preview:-1\" \/>\n<link rel=\"canonical\" href=\"https:\/\/agoracisnadioara.ro\/de\/turism-in-cisnadioara\/info-point-2026\/\" \/>\n<meta property=\"og:locale\" content=\"de_DE\" \/>\n<meta property=\"og:type\" content=\"article\" \/>\n<meta property=\"og:title\" content=\"Info Point 2026 - Ansamblul Agora Cisn\u0103dioara\" \/>\n<meta property=\"og:description\" content=\"Info Point 2026 I\u0302ntr-o locat\u0326ie situata\u0306 chiar la urcarea spre Biserica fortificata\u0306 Sf.Mihail, Info Point Cisna\u0306dioara este i\u0302n lucru s\u0326i este rezultatul parteneriatului dintre Prima\u0306ria Oras\u0326ului Cisna\u0306die, prin domnul primar Mircea Orla\u0306t\u0326an s\u0326i Ansamblul Agora. Sprijinim turismul cultural din localitatea Cisna\u0306dioara, un turism elevat, smart care t\u0326ine cont de comunitate, tradit\u0326ie, cultura\u0306 s\u0326i mediul i\u0302nconjura\u0306tor. [&hellip;]\" \/>\n<meta property=\"og:url\" content=\"https:\/\/agoracisnadioara.ro\/de\/turism-in-cisnadioara\/info-point-2026\/\" \/>\n<meta property=\"og:site_name\" content=\"Ansamblul Agora Cisn\u0103dioara\" \/>\n<meta property=\"article:publisher\" content=\"https:\/\/www.facebook.com\/AgoraCisnadioara\/\" \/>\n<meta property=\"article:modified_time\" content=\"2025-11-10T18:01:43+00:00\" \/>\n<meta property=\"og:image\" content=\"https:\/\/agoracisnadioara.ro\/wp-content\/uploads\/2025\/11\/IMG_2672-scaled.jpg\" \/>\n\t<meta property=\"og:image:width\" content=\"1707\" \/>\n\t<meta property=\"og:image:height\" content=\"2560\" \/>\n\t<meta property=\"og:image:type\" content=\"image\/jpeg\" \/>\n<meta name=\"twitter:card\" content=\"summary_large_image\" \/>\n<script type=\"application\/ld+json\" class=\"yoast-schema-graph\">{\"@context\":\"https:\/\/schema.org\",\"@graph\":[{\"@type\":\"WebPage\",\"@id\":\"https:\/\/agoracisnadioara.ro\/turism-in-cisnadioara\/info-point-2026\/\",\"url\":\"https:\/\/agoracisnadioara.ro\/turism-in-cisnadioara\/info-point-2026\/\",\"name\":\"Info Point 2026 - Ansamblul Agora Cisn\u0103dioara\",\"isPartOf\":{\"@id\":\"https:\/\/agoracisnadioara.ro\/#website\"},\"primaryImageOfPage\":{\"@id\":\"https:\/\/agoracisnadioara.ro\/turism-in-cisnadioara\/info-point-2026\/#primaryimage\"},\"image\":{\"@id\":\"https:\/\/agoracisnadioara.ro\/turism-in-cisnadioara\/info-point-2026\/#primaryimage\"},\"thumbnailUrl\":\"https:\/\/agoracisnadioara.ro\/wp-content\/uploads\/2025\/11\/IMG_2672-scaled.jpg\",\"datePublished\":\"2025-11-10T17:50:45+00:00\",\"dateModified\":\"2025-11-10T18:01:43+00:00\",\"breadcrumb\":{\"@id\":\"https:\/\/agoracisnadioara.ro\/turism-in-cisnadioara\/info-point-2026\/#breadcrumb\"},\"inLanguage\":\"de\",\"potentialAction\":[{\"@type\":\"ReadAction\",\"target\":[\"https:\/\/agoracisnadioara.ro\/turism-in-cisnadioara\/info-point-2026\/\"]}]},{\"@type\":\"ImageObject\",\"inLanguage\":\"de\",\"@id\":\"https:\/\/agoracisnadioara.ro\/turism-in-cisnadioara\/info-point-2026\/#primaryimage\",\"url\":\"https:\/\/agoracisnadioara.ro\/wp-content\/uploads\/2025\/11\/IMG_2672-scaled.jpg\",\"contentUrl\":\"https:\/\/agoracisnadioara.ro\/wp-content\/uploads\/2025\/11\/IMG_2672-scaled.jpg\"},{\"@type\":\"BreadcrumbList\",\"@id\":\"https:\/\/agoracisnadioara.ro\/turism-in-cisnadioara\/info-point-2026\/#breadcrumb\",\"itemListElement\":[{\"@type\":\"ListItem\",\"position\":1,\"name\":\"Prima pagin\u0103\",\"item\":\"https:\/\/agoracisnadioara.ro\/\"},{\"@type\":\"ListItem\",\"position\":2,\"name\":\"Turism\",\"item\":\"https:\/\/agoracisnadioara.ro\/turism-in-cisnadioara\/\"},{\"@type\":\"ListItem\",\"position\":3,\"name\":\"Info Point 2026\"}]},{\"@type\":\"WebSite\",\"@id\":\"https:\/\/agoracisnadioara.ro\/#website\",\"url\":\"https:\/\/agoracisnadioara.ro\/\",\"name\":\"Ansamblul Agora Cisn\u0103dioara\",\"description\":\"Oriunde mergi, g\u0103se\u0219ti BINELE!\",\"publisher\":{\"@id\":\"https:\/\/agoracisnadioara.ro\/#organization\"},\"potentialAction\":[{\"@type\":\"SearchAction\",\"target\":{\"@type\":\"EntryPoint\",\"urlTemplate\":\"https:\/\/agoracisnadioara.ro\/?s={search_term_string}\"},\"query-input\":{\"@type\":\"PropertyValueSpecification\",\"valueRequired\":true,\"valueName\":\"search_term_string\"}}],\"inLanguage\":\"de\"},{\"@type\":\"Organization\",\"@id\":\"https:\/\/agoracisnadioara.ro\/#organization\",\"name\":\"Ansamblul Agora Cisn\u0103dioara\",\"url\":\"https:\/\/agoracisnadioara.ro\/\",\"logo\":{\"@type\":\"ImageObject\",\"inLanguage\":\"de\",\"@id\":\"https:\/\/agoracisnadioara.ro\/#\/schema\/logo\/image\/\",\"url\":\"https:\/\/agoracisnadioara.ro\/wp-content\/uploads\/2023\/11\/color-extra.png\",\"contentUrl\":\"https:\/\/agoracisnadioara.ro\/wp-content\/uploads\/2023\/11\/color-extra.png\",\"width\":135,\"height\":171,\"caption\":\"Ansamblul Agora Cisn\u0103dioara\"},\"image\":{\"@id\":\"https:\/\/agoracisnadioara.ro\/#\/schema\/logo\/image\/\"},\"sameAs\":[\"https:\/\/www.facebook.com\/AgoraCisnadioara\/\"]}]}<\/script>\n<!-- \/ Yoast SEO plugin. -->","yoast_head_json":{"title":"Info Point 2026 - Ansamblul Agora Cisn\u0103dioara","robots":{"index":"index","follow":"follow","max-snippet":"max-snippet:-1","max-image-preview":"max-image-preview:large","max-video-preview":"max-video-preview:-1"},"canonical":"https:\/\/agoracisnadioara.ro\/de\/turism-in-cisnadioara\/info-point-2026\/","og_locale":"de_DE","og_type":"article","og_title":"Info Point 2026 - Ansamblul Agora Cisn\u0103dioara","og_description":"Info Point 2026 I\u0302ntr-o locat\u0326ie situata\u0306 chiar la urcarea spre Biserica fortificata\u0306 Sf.Mihail, Info Point Cisna\u0306dioara este i\u0302n lucru s\u0326i este rezultatul parteneriatului dintre Prima\u0306ria Oras\u0326ului Cisna\u0306die, prin domnul primar Mircea Orla\u0306t\u0326an s\u0326i Ansamblul Agora. Sprijinim turismul cultural din localitatea Cisna\u0306dioara, un turism elevat, smart care t\u0326ine cont de comunitate, tradit\u0326ie, cultura\u0306 s\u0326i mediul i\u0302nconjura\u0306tor. [&hellip;]","og_url":"https:\/\/agoracisnadioara.ro\/de\/turism-in-cisnadioara\/info-point-2026\/","og_site_name":"Ansamblul Agora Cisn\u0103dioara","article_publisher":"https:\/\/www.facebook.com\/AgoraCisnadioara\/","article_modified_time":"2025-11-10T18:01:43+00:00","og_image":[{"width":1707,"height":2560,"url":"https:\/\/agoracisnadioara.ro\/wp-content\/uploads\/2025\/11\/IMG_2672-scaled.jpg","type":"image\/jpeg"}],"twitter_card":"summary_large_image","schema":{"@context":"https:\/\/schema.org","@graph":[{"@type":"WebPage","@id":"https:\/\/agoracisnadioara.ro\/turism-in-cisnadioara\/info-point-2026\/","url":"https:\/\/agoracisnadioara.ro\/turism-in-cisnadioara\/info-point-2026\/","name":"Info Point 2026 - Ansamblul Agora Cisn\u0103dioara","isPartOf":{"@id":"https:\/\/agoracisnadioara.ro\/#website"},"primaryImageOfPage":{"@id":"https:\/\/agoracisnadioara.ro\/turism-in-cisnadioara\/info-point-2026\/#primaryimage"},"image":{"@id":"https:\/\/agoracisnadioara.ro\/turism-in-cisnadioara\/info-point-2026\/#primaryimage"},"thumbnailUrl":"https:\/\/agoracisnadioara.ro\/wp-content\/uploads\/2025\/11\/IMG_2672-scaled.jpg","datePublished":"2025-11-10T17:50:45+00:00","dateModified":"2025-11-10T18:01:43+00:00","breadcrumb":{"@id":"https:\/\/agoracisnadioara.ro\/turism-in-cisnadioara\/info-point-2026\/#breadcrumb"},"inLanguage":"de","potentialAction":[{"@type":"ReadAction","target":["https:\/\/agoracisnadioara.ro\/turism-in-cisnadioara\/info-point-2026\/"]}]},{"@type":"ImageObject","inLanguage":"de","@id":"https:\/\/agoracisnadioara.ro\/turism-in-cisnadioara\/info-point-2026\/#primaryimage","url":"https:\/\/agoracisnadioara.ro\/wp-content\/uploads\/2025\/11\/IMG_2672-scaled.jpg","contentUrl":"https:\/\/agoracisnadioara.ro\/wp-content\/uploads\/2025\/11\/IMG_2672-scaled.jpg"},{"@type":"BreadcrumbList","@id":"https:\/\/agoracisnadioara.ro\/turism-in-cisnadioara\/info-point-2026\/#breadcrumb","itemListElement":[{"@type":"ListItem","position":1,"name":"Prima pagin\u0103","item":"https:\/\/agoracisnadioara.ro\/"},{"@type":"ListItem","position":2,"name":"Turism","item":"https:\/\/agoracisnadioara.ro\/turism-in-cisnadioara\/"},{"@type":"ListItem","position":3,"name":"Info Point 2026"}]},{"@type":"WebSite","@id":"https:\/\/agoracisnadioara.ro\/#website","url":"https:\/\/agoracisnadioara.ro\/","name":"Ansamblul Agora Cisn\u0103dioara","description":"Oriunde mergi, g\u0103se\u0219ti BINELE!","publisher":{"@id":"https:\/\/agoracisnadioara.ro\/#organization"},"potentialAction":[{"@type":"SearchAction","target":{"@type":"EntryPoint","urlTemplate":"https:\/\/agoracisnadioara.ro\/?s={search_term_string}"},"query-input":{"@type":"PropertyValueSpecification","valueRequired":true,"valueName":"search_term_string"}}],"inLanguage":"de"},{"@type":"Organization","@id":"https:\/\/agoracisnadioara.ro\/#organization","name":"Ansamblul Agora Cisn\u0103dioara","url":"https:\/\/agoracisnadioara.ro\/","logo":{"@type":"ImageObject","inLanguage":"de","@id":"https:\/\/agoracisnadioara.ro\/#\/schema\/logo\/image\/","url":"https:\/\/agoracisnadioara.ro\/wp-content\/uploads\/2023\/11\/color-extra.png","contentUrl":"https:\/\/agoracisnadioara.ro\/wp-content\/uploads\/2023\/11\/color-extra.png","width":135,"height":171,"caption":"Ansamblul Agora Cisn\u0103dioara"},"image":{"@id":"https:\/\/agoracisnadioara.ro\/#\/schema\/logo\/image\/"},"sameAs":["https:\/\/www.facebook.com\/AgoraCisnadioara\/"]}]}},"uagb_featured_image_src":{"full":false,"thumbnail":false,"medium":false,"medium_large":false,"large":false,"1536x1536":false,"2048x2048":false,"trp-custom-language-flag":false},"uagb_author_info":{"display_name":"Agora Cisnadioara","author_link":"https:\/\/agoracisnadioara.ro\/de\/author\/contact-agora\/"},"uagb_comment_info":0,"uagb_excerpt":"Info Point 2026 I\u0302ntr-o locat\u0326ie situata\u0306 chiar la urcarea spre Biserica fortificata\u0306 Sf.Mihail, Info Point Cisna\u0306dioara este i\u0302n lucru s\u0326i este rezultatul parteneriatului dintre Prima\u0306ria Oras\u0326ului Cisna\u0306die, prin domnul primar Mircea Orla\u0306t\u0326an s\u0326i Ansamblul Agora. Sprijinim turismul cultural din localitatea Cisna\u0306dioara, un turism elevat, smart care t\u0326ine cont de comunitate, tradit\u0326ie, cultura\u0306 s\u0326i mediul i\u0302nconjura\u0306tor.&hellip;","_links":{"self":[{"href":"https:\/\/agoracisnadioara.ro\/de\/wp-json\/wp\/v2\/pages\/4181","targetHints":{"allow":["GET"]}}],"collection":[{"href":"https:\/\/agoracisnadioara.ro\/de\/wp-json\/wp\/v2\/pages"}],"about":[{"href":"https:\/\/agoracisnadioara.ro\/de\/wp-json\/wp\/v2\/types\/page"}],"author":[{"embeddable":true,"href":"https:\/\/agoracisnadioara.ro\/de\/wp-json\/wp\/v2\/users\/4"}],"replies":[{"embeddable":true,"href":"https:\/\/agoracisnadioara.ro\/de\/wp-json\/wp\/v2\/comments?post=4181"}],"version-history":[{"count":4,"href":"https:\/\/agoracisnadioara.ro\/de\/wp-json\/wp\/v2\/pages\/4181\/revisions"}],"predecessor-version":[{"id":4186,"href":"https:\/\/agoracisnadioara.ro\/de\/wp-json\/wp\/v2\/pages\/4181\/revisions\/4186"}],"up":[{"embeddable":true,"href":"https:\/\/agoracisnadioara.ro\/de\/wp-json\/wp\/v2\/pages\/2410"}],"wp:attachment":[{"href":"https:\/\/agoracisnadioara.ro\/de\/wp-json\/wp\/v2\/media?parent=4181"}],"curies":[{"name":"wp","href":"https:\/\/api.w.org\/{rel}","templated":true}]}}